{"id":29679,"date":"2025-11-06T18:37:39","date_gmt":"2025-11-06T17:37:39","guid":{"rendered":"https:\/\/defendgear.ch\/?post_type=product&#038;p=29679"},"modified":"2026-02-04T12:10:20","modified_gmt":"2026-02-04T11:10:20","slug":"mil-tec-gurkha-tactical-carry-all-65-l","status":"publish","type":"product","link":"https:\/\/defendgear.ch\/it\/mil-tec-gurkha-tactical-carry-all-65-l\/","title":{"rendered":"MIL-TEC\u00ae GURKHA Tactical Carry-All 65 l - robusta borsa da trasporto per l'uso sul campo e all'aperto"},"content":{"rendered":"<p>Il MIL-TEC\u00ae GURKHA Tactical Carry-All \u00e8 un borsone compatto e versatile per uso professionale, in viaggio o per uso quotidiano. Con un volume di 65 litri, un robusto tessuto in poliestere 100 % e un sistema MOLLE sui lati lunghi, offre la massima flessibilit\u00e0 e organizzazione - ideale per polizia, militari, servizi di sicurezza o appassionati di outdoor che non vogliono scendere a compromessi.<\/p>\n<p><strong>Punti salienti<\/strong><\/p>\n<ul>\n<li>Ampio scomparto principale con cerniera - spazio sufficiente per indumenti e attrezzature<\/li>\n<li>Due scomparti laterali con chiusura a velcro e due tasche laterali con cerniera per un'organizzazione ottimale.<\/li>\n<li>Cinghia elastica incrociata sul coperchio, ideale per fissare giacche o attrezzature supplementari<\/li>\n<li>Sistema MOLLE con superfici in velcro sui lati lunghi per l'espansione modulare con sacche.<\/li>\n<li>Tracolla rimovibile e imbottita per un trasporto confortevole<\/li>\n<li>Maniglie di trasporto superiori e laterali per una gestione flessibile<\/li>\n<li>Cinque guide a pavimento per la stabilit\u00e0 e la protezione della base della borsa<\/li>\n<li>Distintivo MIL-TEC\u00ae rimovibile con fissaggio VELCRO<\/li>\n<\/ul>\n<p><strong>Dati tecnici<\/strong><\/p>\n<ul>\n<li>Materiale: 100 poliestere %<\/li>\n<li>Colore: nero<\/li>\n<li>Dimensioni: 61 \u00d7 30,5 \u00d7 30,5 cm<\/li>\n<li>Volume: 65 litri<\/li>\n<li>Peso: 1,2 kg (a seconda dell'equipaggiamento)<\/li>\n<\/ul>\n<p><strong>Campo di applicazione<\/strong><\/p>\n<p>Sul campo, in viaggio o in addestramento, il MIL-TEC\u00ae GURKHA Tactical Carry-All offre una lavorazione robusta, una compartimentazione intelligente e un elevato comfort di trasporto. Perfettamente adatto per il trasporto di equipaggiamento, abbigliamento o materiale di missione.<\/p>\n<p>Questa borsa \u00e8 la scelta ideale per chi cerca affidabilit\u00e0, funzionalit\u00e0 e design tattico in una forma compatta.<\/p>\n<div id=\"gtx-trans\" style=\"position: absolute;left: 40px;top: 664.909px\">\n<div class=\"gtx-trans-icon\"><\/div>\n<\/div>","protected":false},"excerpt":{"rendered":"<p>Die MIL-TEC\u00ae GURKHA Tactical Carry-All ist eine kompakte und vielseitige Fliegertasche f\u00fcr den professionellen Einsatz, Reisen oder den t\u00e4glichen Gebrauch.<\/p>","protected":false},"featured_media":29680,"comment_status":"open","ping_status":"closed","template":"","meta":[],"product_brand":[125],"product_cat":[100],"product_tag":[],"class_list":{"0":"post-29679","1":"product","2":"type-product","3":"status-publish","4":"has-post-thumbnail","6":"product_brand-mil-tec","7":"product_cat-waffentaschen","9":"first","10":"instock","11":"taxable","12":"shipping-taxable","13":"purchasable","14":"product-type-simple"},"_links":{"self":[{"href":"https:\/\/defendgear.ch\/it\/wp-json\/wp\/v2\/product\/29679","targetHints":{"allow":["GET"]}}],"collection":[{"href":"https:\/\/defendgear.ch\/it\/wp-json\/wp\/v2\/product"}],"about":[{"href":"https:\/\/defendgear.ch\/it\/wp-json\/wp\/v2\/types\/product"}],"replies":[{"embeddable":true,"href":"https:\/\/defendgear.ch\/it\/wp-json\/wp\/v2\/comments?post=29679"}],"version-history":[{"count":3,"href":"https:\/\/defendgear.ch\/it\/wp-json\/wp\/v2\/product\/29679\/revisions"}],"predecessor-version":[{"id":29953,"href":"https:\/\/defendgear.ch\/it\/wp-json\/wp\/v2\/product\/29679\/revisions\/29953"}],"wp:featuredmedia":[{"embeddable":true,"href":"https:\/\/defendgear.ch\/it\/wp-json\/wp\/v2\/media\/29680"}],"wp:attachment":[{"href":"https:\/\/defendgear.ch\/it\/wp-json\/wp\/v2\/media?parent=29679"}],"wp:term":[{"taxonomy":"product_brand","embeddable":true,"href":"https:\/\/defendgear.ch\/it\/wp-json\/wp\/v2\/product_brand?post=29679"},{"taxonomy":"product_cat","embeddable":true,"href":"https:\/\/defendgear.ch\/it\/wp-json\/wp\/v2\/product_cat?post=29679"},{"taxonomy":"product_tag","embeddable":true,"href":"https:\/\/defendgear.ch\/it\/wp-json\/wp\/v2\/product_tag?post=29679"}],"curies":[{"name":"wp","href":"https:\/\/api.w.org\/{rel}","templated":true}]}}