{"id":29729,"date":"2025-11-06T18:39:58","date_gmt":"2025-11-06T17:39:58","guid":{"rendered":"https:\/\/defendgear.ch\/?post_type=product&#038;p=29729"},"modified":"2025-11-26T15:40:28","modified_gmt":"2025-11-26T14:40:28","slug":"portafoglio-pentagonale-stater-2-0-tattico","status":"publish","type":"product","link":"https:\/\/defendgear.ch\/it\/portafoglio-pentagonale-stater-2-0-tattico\/","title":{"rendered":"Portafoglio PENTAGON STATER 2.0 - Portafoglio tattico in nylon (nero)"},"content":{"rendered":"<p>Il PENTAGON STATER 2.0 \u00e8 un portafoglio tattico robusto per l'uso quotidiano, sviluppato per i servizi di emergenza, gli appassionati di outdoor e gli avventurieri che danno priorit\u00e0 all'affidabilit\u00e0 e alla funzionalit\u00e0.<\/p>\n<p>Realizzato in nylon Cordura\u00ae 500D di alta qualit\u00e0, lo STATER 2.0 convince per la sua estrema durata, resistenza all'abrasione e longevit\u00e0.<\/p>\n<p>Dotato di cerniere YKK\u00ae, offre una chiusura sicura e un'apertura agevole, anche in condizioni difficili.<\/p>\n<p>Per l'uso quotidiano, in viaggio o sul campo, il PENTAGON STATER 2.0 assicura che carte, denaro e documenti d'identit\u00e0 siano sempre conservati in modo sicuro e ordinato.<\/p>\n<p><strong>Dettagli tecnici:<\/strong><\/p>\n<ul>\n<li>Modello: PENTAGON STATER 2.0<\/li>\n<li>Materiale: 100 % Nylon 500D Cordura<\/li>\n<li>Zip: YKK\u00ae - robuste e durevoli<\/li>\n<li>Colore: nero<\/li>\n<li>Dimensioni: formato compatto (ideale per le tasche dei pantaloni o per i pantaloni)<\/li>\n<li>Marchio: PENTAGON Tactical<\/li>\n<\/ul>\n<p><strong>Caratteristiche e vantaggi:<\/strong><\/p>\n<ul>\n<li>Durevole e resistente alle intemperie grazie alla Cordura\u00ae 500D<\/li>\n<li>Custodia sicura per carte, monete e banconote<\/li>\n<li>Affidabili cerniere YKK\u00ae - scorrevoli e resistenti alla rottura<\/li>\n<li>Compatto e leggero: perfetto per l'uso quotidiano e l'uso all'aperto<\/li>\n<li>Design tattico con organizzazione interna funzionale<\/li>\n<\/ul>\n<p>Conclusione:<\/p>\n<p>Il PENTAGON STATER 2.0 \u00e8 pi\u00f9 di un semplice portafoglio: \u00e8 un accessorio tattico per chi apprezza durata, funzionalit\u00e0 e stile.<\/p>\n<p>In servizio o fuori servizio, questo portafoglio mantiene le promesse.<\/p>\n<div id=\"gtx-trans\" style=\"position: absolute;left: 0px;top: 464.114px\">\n<div class=\"gtx-trans-icon\"><\/div>\n<\/div>","protected":false},"excerpt":{"rendered":"<p>Die PENTAGON STATER 2.0 ist eine robuste, taktische Geldb\u00f6rse f\u00fcr den t\u00e4glichen Gebrauch \u2013 entwickelt f\u00fcr Einsatzkr\u00e4fte, Outdoor-Enthusiasten und Abenteurer,<\/p>","protected":false},"featured_media":29743,"comment_status":"open","ping_status":"closed","template":"","meta":[],"product_brand":[141],"product_cat":[99],"product_tag":[],"class_list":{"0":"post-29729","1":"product","2":"type-product","3":"status-publish","4":"has-post-thumbnail","6":"product_brand-pentagon-2","7":"product_cat-einsatztaschen","9":"first","10":"instock","11":"taxable","12":"shipping-taxable","13":"purchasable","14":"product-type-simple"},"_links":{"self":[{"href":"https:\/\/defendgear.ch\/it\/wp-json\/wp\/v2\/product\/29729","targetHints":{"allow":["GET"]}}],"collection":[{"href":"https:\/\/defendgear.ch\/it\/wp-json\/wp\/v2\/product"}],"about":[{"href":"https:\/\/defendgear.ch\/it\/wp-json\/wp\/v2\/types\/product"}],"replies":[{"embeddable":true,"href":"https:\/\/defendgear.ch\/it\/wp-json\/wp\/v2\/comments?post=29729"}],"version-history":[{"count":2,"href":"https:\/\/defendgear.ch\/it\/wp-json\/wp\/v2\/product\/29729\/revisions"}],"predecessor-version":[{"id":29950,"href":"https:\/\/defendgear.ch\/it\/wp-json\/wp\/v2\/product\/29729\/revisions\/29950"}],"wp:featuredmedia":[{"embeddable":true,"href":"https:\/\/defendgear.ch\/it\/wp-json\/wp\/v2\/media\/29743"}],"wp:attachment":[{"href":"https:\/\/defendgear.ch\/it\/wp-json\/wp\/v2\/media?parent=29729"}],"wp:term":[{"taxonomy":"product_brand","embeddable":true,"href":"https:\/\/defendgear.ch\/it\/wp-json\/wp\/v2\/product_brand?post=29729"},{"taxonomy":"product_cat","embeddable":true,"href":"https:\/\/defendgear.ch\/it\/wp-json\/wp\/v2\/product_cat?post=29729"},{"taxonomy":"product_tag","embeddable":true,"href":"https:\/\/defendgear.ch\/it\/wp-json\/wp\/v2\/product_tag?post=29729"}],"curies":[{"name":"wp","href":"https:\/\/api.w.org\/{rel}","templated":true}]}}