{"id":29745,"date":"2025-11-06T18:33:24","date_gmt":"2025-11-06T17:33:24","guid":{"rendered":"https:\/\/defendgear.ch\/?post_type=product&#038;p=29745"},"modified":"2026-02-09T22:08:00","modified_gmt":"2026-02-09T21:08:00","slug":"marsupio-tattico-kombat-con-velcro-nero","status":"publish","type":"product","link":"https:\/\/defendgear.ch\/it\/marsupio-tattico-kombat-con-velcro-nero\/","title":{"rendered":"KOMBAT Marsupio tattico con velcro - Nero"},"content":{"rendered":"<p>Borsa renale versatile con organizzazione modulare e possibilit\u00e0 di trasporto a scomparsa<\/p>\n<p>Il marsupio tattico KOMBAT con velcro \u00e8 un marsupio robusto e funzionale progettato per i servizi di emergenza, i tiratori, gli appassionati di outdoor e l'uso tattico quotidiano.<\/p>\n<p>Con il suo sistema di scomparti ben studiato, offre molto spazio, un'eccellente accessibilit\u00e0 e opzioni di trasporto versatili, perfette per l'uso quotidiano o per il poligono di tiro.<\/p>\n<p>Lo scomparto principale si apre con una cerniera a due vie ed \u00e8 dotato di un ulteriore scomparto interno per documenti o oggetti piatti.<\/p>\n<p>Sul coperchio \u00e8 presente un tunnel in tessuto a tutta lunghezza, ideale per agganciare una torcia, un coltello o un multiutensile con clip. Una coulisse elastica assicura una presa sicura.<\/p>\n<p>Una striscia di velcro (11 \u00d7 5 cm) sul tunnel offre spazio per toppe o nastri con il nome.<\/p>\n<p>Il dorso \u00e8 imbottito e dispone di una tasca piatta con cerniera (24 \u00d7 15 cm), adatta anche al porto occulto di armi pi\u00f9 piccole (pistole sub-compatte) - discreta, ma non progettata per l'estrazione rapida.<\/p>\n<p>Sul davanti \u00e8 presente una tasca centrale di 12 \u00d7 12 cm con patta aggiuntiva e fibbia Fastex, sulla quale \u00e8 fissata un'altra area in velcro (9,5 \u00d7 5 cm).<\/p>\n<p>Due tasche triangolari con zip (lunghezza laterale di circa 11 cm) su entrambi i lati completano il concetto di spazio di archiviazione.<\/p>\n<p><strong>Dettagli tecnici:<\/strong><\/p>\n<ul>\n<li>Colore: nero<\/li>\n<li>Materiale: nylon resistente<\/li>\n<li>Dimensioni: 34 \u00d7 17 cm<\/li>\n<li>Peso: 360 g<\/li>\n<li>Larghezza cintura: 3,5 cm, regolabile fino a 114 cm di circonferenza vita<\/li>\n<li>Chiusura principale: zip bidirezionale<\/li>\n<li>Chiusura: Cintura per i fianchi con fibbia Fastex<\/li>\n<\/ul>\n<p><strong>Caratteristiche e vantaggi:<\/strong><\/p>\n<ul>\n<li>Ampio scomparto principale con tasca interna per i documenti<\/li>\n<li>Design ben studiato con diversi scomparti con zip<\/li>\n<li>Tasche anteriori e posteriori per equipaggiamento tattico o EDC<\/li>\n<li>Opzione di porto occulto per armi compatte (non ad estrazione rapida)<\/li>\n<li>Superfici in velcro per nastri con nome e patch<\/li>\n<li>Cordino di sicurezza elasticizzato per coltello o torcia<\/li>\n<li>Robusto, funzionale e comodo da indossare<\/li>\n<\/ul>\n<p><strong>Conclusione:<\/strong><\/p>\n<p>Il borsone tattico KOMBAT Velcro combina alta funzionalit\u00e0, design tattico e idoneit\u00e0 all'uso quotidiano.<\/p>\n<p>In servizio, al poligono di tiro, durante le operazioni o in ambiente urbano, questa borsa renale offre un'organizzazione ben studiata, robustezza e massimo comfort.<\/p>\n<div id=\"gtx-trans\" style=\"position: absolute;left: -2px;top: 952.909px\">\n<div class=\"gtx-trans-icon\"><\/div>\n<\/div>","protected":false},"excerpt":{"rendered":"<p>Vielseitige Nierentasche mit modularer Organisation &amp; verdeckter Tragem\u00f6glichkeit Die KOMBAT Tactical Bauchtasche Velcro ist eine robuste und funktionale Nierentasche, entwickelt<\/p>","protected":false},"featured_media":29748,"comment_status":"open","ping_status":"closed","template":"","meta":[],"product_brand":[144],"product_cat":[99],"product_tag":[],"class_list":{"0":"post-29745","1":"product","2":"type-product","3":"status-publish","4":"has-post-thumbnail","6":"product_brand-kombat","7":"product_cat-einsatztaschen","9":"first","10":"outofstock","11":"taxable","12":"shipping-taxable","13":"purchasable","14":"product-type-simple"},"_links":{"self":[{"href":"https:\/\/defendgear.ch\/it\/wp-json\/wp\/v2\/product\/29745","targetHints":{"allow":["GET"]}}],"collection":[{"href":"https:\/\/defendgear.ch\/it\/wp-json\/wp\/v2\/product"}],"about":[{"href":"https:\/\/defendgear.ch\/it\/wp-json\/wp\/v2\/types\/product"}],"replies":[{"embeddable":true,"href":"https:\/\/defendgear.ch\/it\/wp-json\/wp\/v2\/comments?post=29745"}],"version-history":[{"count":5,"href":"https:\/\/defendgear.ch\/it\/wp-json\/wp\/v2\/product\/29745\/revisions"}],"predecessor-version":[{"id":30817,"href":"https:\/\/defendgear.ch\/it\/wp-json\/wp\/v2\/product\/29745\/revisions\/30817"}],"wp:featuredmedia":[{"embeddable":true,"href":"https:\/\/defendgear.ch\/it\/wp-json\/wp\/v2\/media\/29748"}],"wp:attachment":[{"href":"https:\/\/defendgear.ch\/it\/wp-json\/wp\/v2\/media?parent=29745"}],"wp:term":[{"taxonomy":"product_brand","embeddable":true,"href":"https:\/\/defendgear.ch\/it\/wp-json\/wp\/v2\/product_brand?post=29745"},{"taxonomy":"product_cat","embeddable":true,"href":"https:\/\/defendgear.ch\/it\/wp-json\/wp\/v2\/product_cat?post=29745"},{"taxonomy":"product_tag","embeddable":true,"href":"https:\/\/defendgear.ch\/it\/wp-json\/wp\/v2\/product_tag?post=29745"}],"curies":[{"name":"wp","href":"https:\/\/api.w.org\/{rel}","templated":true}]}}