{"id":29752,"date":"2025-11-06T18:33:51","date_gmt":"2025-11-06T17:33:51","guid":{"rendered":"https:\/\/defendgear.ch\/?post_type=product&#038;p=29752"},"modified":"2026-03-30T11:51:29","modified_gmt":"2026-03-30T09:51:29","slug":"kombat-tactical-waist-bag-velcro-coyote","status":"publish","type":"product","link":"https:\/\/defendgear.ch\/it\/kombat-tactical-waist-bag-velcro-coyote\/","title":{"rendered":"KOMBAT Marsupio tattico con velcro - Coyote"},"content":{"rendered":"<p>Borsa renale versatile con ampio spazio di archiviazione e possibilit\u00e0 di trasporto a scomparsa<\/p>\n<p>Il bum bag KOMBAT Tactical Velcro in Coyote \u00e8 un borsone funzionale, robusto e versatile per i servizi di emergenza, i tiratori, gli appassionati di outdoor e il personale di sicurezza.<\/p>\n<p>Con il suo concetto di scomparti ben studiato, offre molto spazio per l'attrezzatura e gli oggetti EDC senza compromettere il comfort di trasporto.<\/p>\n<p>Lo scomparto principale \u00e8 accessibile tramite una cerniera a due vie ed \u00e8 dotato di un ulteriore scomparto interno per documenti o altri oggetti piatti.<\/p>\n<p>Sul coperchio \u00e8 presente un tunnel in tessuto a tutta lunghezza, ideale per agganciare torce, coltelli o multiutensili con clip. Una coulisse elastica assicura una tenuta sicura.<\/p>\n<p>Inoltre, una striscia di velcro (11 \u00d7 5 cm) offre spazio per toppe o nastri con il nome.<\/p>\n<p>Il dorso imbottito \u00e8 dotato di uno scomparto separato con cerniera (24 \u00d7 15 cm), perfetto per il trasporto nascosto di armi pi\u00f9 piccole (pistole sub-compatte).<\/p>\n<p>La borsa non \u00e8 stata progettata per essere tirata velocemente, ma offre un comfort discreto.<\/p>\n<p>Nella parte anteriore \u00e8 presente una tasca di 12 \u00d7 12 cm con patta aggiuntiva e fibbia Fastex, sulla quale \u00e8 fissata un'altra striscia di velcro (9,5 \u00d7 5 cm) per le toppe.<\/p>\n<p>Il design \u00e8 completato da due tasche laterali triangolari con zip (lunghezza laterale di circa 11 cm) per piccoli oggetti o attrezzature tattiche.<\/p>\n<p><strong>Dettagli tecnici:<\/strong><\/p>\n<ul>\n<li>Colore: Coyote<\/li>\n<li>Materiale: nylon resistente<\/li>\n<li>Dimensioni: 34 \u00d7 17 cm<\/li>\n<li>Peso: 360 g<\/li>\n<li>Scomparto principale: zip a due vie con scomparto interno<\/li>\n<li>Tasca posteriore: 24 \u00d7 15 cm, imbottita<\/li>\n<li>Larghezza cintura: 3,5 cm, regolabile fino a 114 cm di circonferenza vita<\/li>\n<li>Chiusura: fibbia Fastex<\/li>\n<li>Superfici anteriori in velcro: 11 \u00d7 5 cm e 9,5 \u00d7 5 cm<\/li>\n<\/ul>\n<p><strong>Caratteristiche e vantaggi:<\/strong><\/p>\n<ul>\n<li>Ampio scomparto principale con scomparto aggiuntivo per i documenti<\/li>\n<li>Opzione per il porto occulto per le pistole (sub)compatte<\/li>\n<li>Scomparti multipli con cerniera per un'organizzazione ben studiata<\/li>\n<li>Tasche frontali e laterali per un rapido accesso<\/li>\n<li>Attacco con cordino elastico per coltelli o torce<\/li>\n<li>Superfici in velcro per targhette identificative, nastri con nome o toppe<\/li>\n<li>Robusto materiale in nylon - resistente all'abrasione e di lunga durata<\/li>\n<li>Comfort di utilizzo ergonomico grazie allo schienale imbottito<\/li>\n<\/ul>\n<p><strong>Conclusione:<\/strong><\/p>\n<p>Il borsone tattico con velcro KOMBAT in Coyote combina design funzionale, elevata capacit\u00e0 di carico e versatilit\u00e0 tattica.<\/p>\n<p>Che si tratti di impiego, addestramento al tiro, avventure all'aperto o uso quotidiano, questa sacca renale offre un'organizzazione ottimale e la massima affidabilit\u00e0.<\/p>","protected":false},"excerpt":{"rendered":"<p>Vielseitige Nierentasche mit gro\u00dfem Stauraum &amp; verdeckter Tragem\u00f6glichkeit Die KOMBAT Tactical Bauchtasche Velcro in Coyote ist eine funktionale, robuste und<\/p>","protected":false},"featured_media":29753,"comment_status":"open","ping_status":"closed","template":"","meta":[],"product_brand":[144],"product_cat":[99],"product_tag":[],"class_list":{"0":"post-29752","1":"product","2":"type-product","3":"status-publish","4":"has-post-thumbnail","6":"product_brand-kombat","7":"product_cat-einsatztaschen","9":"first","10":"outofstock","11":"taxable","12":"shipping-taxable","13":"purchasable","14":"product-type-simple"},"_links":{"self":[{"href":"https:\/\/defendgear.ch\/it\/wp-json\/wp\/v2\/product\/29752","targetHints":{"allow":["GET"]}}],"collection":[{"href":"https:\/\/defendgear.ch\/it\/wp-json\/wp\/v2\/product"}],"about":[{"href":"https:\/\/defendgear.ch\/it\/wp-json\/wp\/v2\/types\/product"}],"replies":[{"embeddable":true,"href":"https:\/\/defendgear.ch\/it\/wp-json\/wp\/v2\/comments?post=29752"}],"version-history":[{"count":2,"href":"https:\/\/defendgear.ch\/it\/wp-json\/wp\/v2\/product\/29752\/revisions"}],"predecessor-version":[{"id":29968,"href":"https:\/\/defendgear.ch\/it\/wp-json\/wp\/v2\/product\/29752\/revisions\/29968"}],"wp:featuredmedia":[{"embeddable":true,"href":"https:\/\/defendgear.ch\/it\/wp-json\/wp\/v2\/media\/29753"}],"wp:attachment":[{"href":"https:\/\/defendgear.ch\/it\/wp-json\/wp\/v2\/media?parent=29752"}],"wp:term":[{"taxonomy":"product_brand","embeddable":true,"href":"https:\/\/defendgear.ch\/it\/wp-json\/wp\/v2\/product_brand?post=29752"},{"taxonomy":"product_cat","embeddable":true,"href":"https:\/\/defendgear.ch\/it\/wp-json\/wp\/v2\/product_cat?post=29752"},{"taxonomy":"product_tag","embeddable":true,"href":"https:\/\/defendgear.ch\/it\/wp-json\/wp\/v2\/product_tag?post=29752"}],"curies":[{"name":"wp","href":"https:\/\/api.w.org\/{rel}","templated":true}]}}