{"id":29755,"date":"2025-11-06T18:55:46","date_gmt":"2025-11-06T17:55:46","guid":{"rendered":"https:\/\/defendgear.ch\/?post_type=product&#038;p=29755"},"modified":"2026-03-30T11:46:53","modified_gmt":"2026-03-30T09:46:53","slug":"zaino-kombat-assault-28l-zaino-tattico-btp-nero","status":"publish","type":"product","link":"https:\/\/defendgear.ch\/it\/zaino-kombat-assault-28l-zaino-tattico-btp-nero\/","title":{"rendered":"KOMBAT Zaino ASSAULT 28L - Zaino tattico BTP Nero"},"content":{"rendered":"<p>Lo zaino KOMBAT ASSAULT 28 litri \u00e8 uno zaino tattico compatto che convince per la sua struttura robusta, le sue caratteristiche funzionali e la sua modularit\u00e0 tattica.<\/p>\n<p>\u00c8 ideale per le operazioni militari, le attivit\u00e0 all'aperto, l'airsoft, la polizia o l'uso quotidiano in cui sono richieste affidabilit\u00e0 e organizzazione.<\/p>\n<p>Il design ben studiato con sistema di fissaggio MOLLE\/PALS consente di agganciare borse e attrezzature aggiuntive. Grazie alla predisposizione per i sistemi di idratazione (vescica di idratazione), lo zaino \u00e8 ideale anche per le escursioni pi\u00f9 lunghe e i tour all'aperto.<\/p>\n<p>Con un volume di 28 litri, lo zaino ASSAULT offre spazio sufficiente per l'attrezzatura, l'abbigliamento e gli oggetti EDC, pur rimanendo compatto e maneggevole.<\/p>\n<p><strong>Dettagli tecnici:<\/strong><\/p>\n<ul>\n<li>Modello: KOMBAT ASSAULT 28L<\/li>\n<li>Colore\/sagoma mimetico: BTP Black (Black Terrain Pattern)<\/li>\n<li>Volume: 28 litri<\/li>\n<li>Dimensioni: 47 \u00d7 28 \u00d7 23 cm<\/li>\n<li>Ripieno: Top<\/li>\n<li>Materiale: nylon resistente (tessuto tattico)<\/li>\n<li>Sistema dorsale: imbottito, con spallacci regolabili<\/li>\n<li>Cintura per i fianchi: semplice, non imbottita<\/li>\n<li>Sistema di fissaggio: compatibile con MOLLE\/PALS<\/li>\n<li>Attrezzatura:\n<ul>\n<li>Preparazione del sistema di idratazione (zaino di idratazione)<\/li>\n<li>Superficie VELCRO per l'applicazione di toppe o nastri con nome<\/li>\n<li>Cinghie di compressione per stabilizzare il carico<\/li>\n<\/ul>\n<\/li>\n<\/ul>\n<p><strong>Caratteristiche e vantaggi:<\/strong><\/p>\n<ul>\n<li>Zaino compatto e tattico a tutto tondo per il servizio, l'allenamento o l'uso quotidiano<\/li>\n<li>28 litri di spazio di stivaggio - ideale per tour di 1-2 giorni<\/li>\n<li>Sistema MOLLE per l'espansione modulare<\/li>\n<li>Sistema di idratazione compatibile con gli zaini di idratazione<\/li>\n<li>Area VELCRO per patch, targhette identificative o etichette dell'unit\u00e0.<\/li>\n<li>Materiali robusti per una lunga durata<\/li>\n<li>Sistema di trasporto ergonomico con cinghie regolabili<\/li>\n<\/ul>\n<p><strong>Conclusione:<\/strong><\/p>\n<p>Lo zaino KOMBAT ASSAULT 28L in BTP Black combina funzionalit\u00e0, robustezza e design tattico in un formato compatto.<\/p>\n<p>Ideale per i servizi di emergenza, i giocatori di airsoft, gli escursionisti e gli avventurieri alla ricerca di un compagno resistente e versatile.<\/p>\n<div id=\"gtx-trans\" style=\"position: absolute;left: 0px;top: 920.091px\">\n<div class=\"gtx-trans-icon\"><\/div>\n<\/div>","protected":false},"excerpt":{"rendered":"<p>Der KOMBAT ASSAULT 28 Liter Rucksack ist ein kompakter, taktischer Einsatzrucksack, der durch seine robuste Bauweise, funktionale Ausstattung und taktische<\/p>","protected":false},"featured_media":29756,"comment_status":"open","ping_status":"closed","template":"","meta":[],"product_brand":[144],"product_cat":[98],"product_tag":[],"class_list":{"0":"post-29755","1":"product","2":"type-product","3":"status-publish","4":"has-post-thumbnail","6":"product_brand-kombat","7":"product_cat-rucksaecke","9":"first","10":"outofstock","11":"taxable","12":"shipping-taxable","13":"purchasable","14":"product-type-simple"},"_links":{"self":[{"href":"https:\/\/defendgear.ch\/it\/wp-json\/wp\/v2\/product\/29755","targetHints":{"allow":["GET"]}}],"collection":[{"href":"https:\/\/defendgear.ch\/it\/wp-json\/wp\/v2\/product"}],"about":[{"href":"https:\/\/defendgear.ch\/it\/wp-json\/wp\/v2\/types\/product"}],"replies":[{"embeddable":true,"href":"https:\/\/defendgear.ch\/it\/wp-json\/wp\/v2\/comments?post=29755"}],"version-history":[{"count":2,"href":"https:\/\/defendgear.ch\/it\/wp-json\/wp\/v2\/product\/29755\/revisions"}],"predecessor-version":[{"id":30245,"href":"https:\/\/defendgear.ch\/it\/wp-json\/wp\/v2\/product\/29755\/revisions\/30245"}],"wp:featuredmedia":[{"embeddable":true,"href":"https:\/\/defendgear.ch\/it\/wp-json\/wp\/v2\/media\/29756"}],"wp:attachment":[{"href":"https:\/\/defendgear.ch\/it\/wp-json\/wp\/v2\/media?parent=29755"}],"wp:term":[{"taxonomy":"product_brand","embeddable":true,"href":"https:\/\/defendgear.ch\/it\/wp-json\/wp\/v2\/product_brand?post=29755"},{"taxonomy":"product_cat","embeddable":true,"href":"https:\/\/defendgear.ch\/it\/wp-json\/wp\/v2\/product_cat?post=29755"},{"taxonomy":"product_tag","embeddable":true,"href":"https:\/\/defendgear.ch\/it\/wp-json\/wp\/v2\/product_tag?post=29755"}],"curies":[{"name":"wp","href":"https:\/\/api.w.org\/{rel}","templated":true}]}}