{"id":29915,"date":"2025-11-06T10:03:06","date_gmt":"2025-11-06T09:03:06","guid":{"rendered":"https:\/\/defendgear.ch\/?post_type=product&#038;p=29915"},"modified":"2025-11-26T12:58:07","modified_gmt":"2025-11-26T11:58:07","slug":"t-shirt-tattica-grigio-urbano","status":"publish","type":"product","link":"https:\/\/defendgear.ch\/it\/t-shirt-tattica-grigio-urbano\/","title":{"rendered":"Maglietta \u201eTactical\u201c - Grigio Urbano"},"content":{"rendered":"<p>La T-shirt \u201eTactical\u201c in grigio urbano offre la combinazione ideale di funzionalit\u00e0, comfort e un moderno look tattico.<\/p>\n<p>Realizzato in poliestere funzionale e leggero (160 g\/m\u00b2), \u00e8 traspirante, ad asciugatura rapida e quindi perfetto per l'allenamento, le attivit\u00e0 all'aperto o l'abbigliamento quotidiano.<\/p>\n<p>Il design sportivo con mezze maniche e la vestibilit\u00e0 comoda assicurano la massima libert\u00e0 di movimento e un elevato livello di comfort, anche a temperature elevate o durante un'attivit\u00e0 intensa.<\/p>\n<p><strong>Propriet\u00e0:<\/strong><\/p>\n<ul>\n<li>Colore: grigio urbano<\/li>\n<li>Taglio: Mezza manica \/ vestibilit\u00e0 regolare<\/li>\n<li>Materiale: 100 poliestere %<\/li>\n<li>Peso del tessuto: 160 g\/m\u00b2 - leggero, robusto e di facile manutenzione<\/li>\n<li>Asciugatura rapida - ideale per l'allenamento e l'aria aperta<\/li>\n<li>Traspirante - mantiene freschi e asciutti<\/li>\n<\/ul>\n<p><strong>Vantaggi:<\/strong><\/p>\n<ul>\n<li>Perfetto per l'uso, lo sport e il tempo libero<\/li>\n<li>Materiale leggero e funzionale<\/li>\n<li>Elevato comfort d'uso grazie al tessuto traspirante<\/li>\n<li>Facile da pulire e resistente, \u00e8 subito pronto all'uso.<\/li>\n<\/ul>","protected":false},"excerpt":{"rendered":"<p>Das T-Shirt \u201eTactical\u201c in Urban Grau bietet die ideale Kombination aus Funktionalit\u00e4t, Komfort und modernem Tactical-Look. Gefertigt aus leichtem Funktionspolyester<\/p>","protected":false},"featured_media":29923,"comment_status":"open","ping_status":"closed","template":"","meta":[],"product_brand":[108],"product_cat":[90],"product_tag":[],"class_list":{"0":"post-29915","1":"product","2":"type-product","3":"status-publish","4":"has-post-thumbnail","6":"product_brand-mfh","7":"product_cat-shirts","9":"first","10":"instock","11":"taxable","12":"shipping-taxable","13":"purchasable","14":"product-type-variable"},"_links":{"self":[{"href":"https:\/\/defendgear.ch\/it\/wp-json\/wp\/v2\/product\/29915","targetHints":{"allow":["GET"]}}],"collection":[{"href":"https:\/\/defendgear.ch\/it\/wp-json\/wp\/v2\/product"}],"about":[{"href":"https:\/\/defendgear.ch\/it\/wp-json\/wp\/v2\/types\/product"}],"replies":[{"embeddable":true,"href":"https:\/\/defendgear.ch\/it\/wp-json\/wp\/v2\/comments?post=29915"}],"version-history":[{"count":1,"href":"https:\/\/defendgear.ch\/it\/wp-json\/wp\/v2\/product\/29915\/revisions"}],"predecessor-version":[{"id":29926,"href":"https:\/\/defendgear.ch\/it\/wp-json\/wp\/v2\/product\/29915\/revisions\/29926"}],"wp:featuredmedia":[{"embeddable":true,"href":"https:\/\/defendgear.ch\/it\/wp-json\/wp\/v2\/media\/29923"}],"wp:attachment":[{"href":"https:\/\/defendgear.ch\/it\/wp-json\/wp\/v2\/media?parent=29915"}],"wp:term":[{"taxonomy":"product_brand","embeddable":true,"href":"https:\/\/defendgear.ch\/it\/wp-json\/wp\/v2\/product_brand?post=29915"},{"taxonomy":"product_cat","embeddable":true,"href":"https:\/\/defendgear.ch\/it\/wp-json\/wp\/v2\/product_cat?post=29915"},{"taxonomy":"product_tag","embeddable":true,"href":"https:\/\/defendgear.ch\/it\/wp-json\/wp\/v2\/product_tag?post=29915"}],"curies":[{"name":"wp","href":"https:\/\/api.w.org\/{rel}","templated":true}]}}