{"id":29922,"date":"2025-11-06T18:47:48","date_gmt":"2025-11-06T17:47:48","guid":{"rendered":"https:\/\/defendgear.ch\/?post_type=product&#038;p=29922"},"modified":"2026-03-30T11:48:37","modified_gmt":"2026-03-30T09:48:37","slug":"set-di-pulizia-cartucce-multicalibro-per-fucile-e-pistola","status":"publish","type":"product","link":"https:\/\/defendgear.ch\/it\/set-di-pulizia-cartucce-multicalibro-per-fucile-e-pistola\/","title":{"rendered":"Set di pulizia \u201eCartuccia\u201c - multi-calibro per fucile e pistola"},"content":{"rendered":"<p>Set di pulizia pratico e completo in formato cartuccia, ideale per tiratori, cacciatori, rivenditori di armi e unit\u00e0 di emergenza. Il set compatto contiene tutto il necessario per la pulizia di pistole, armi lunghe e fucili da caccia di vari calibri. Ideale per l'officina, il poligono di tiro o la custodia delle armi.<\/p>\n<p><strong>Ambito di fornitura \/ contenuto<\/strong><\/p>\n<ul>\n<li>1 asta di pulizia in ottone, in 3 parti con impugnatura (smontabile per ottenere lunghezze diverse)<\/li>\n<li>10 spazzole in ottone per calibri: 12, 20, .410 (fucili da caccia), .45, .40, .357\/.38\/9 mm, .30, .270, .22, .17 (pistole)<\/li>\n<li>5 panni di lana per una pulizia finale delicata e l'applicazione dell'olio<\/li>\n<li>2 adattatori di filettatura (ottone) per varie filettature di aste<\/li>\n<li>2 porta stoppini (plastica)<\/li>\n<li>Panni per la pulizia (circa 25 pezzi)<\/li>\n<li>1 spazzola per la pulizia di sporchi grossolani<\/li>\n<li>1 gancio di pulizia per rimuovere i residui dalla canna<\/li>\n<li>1 bottiglia d'olio (non riempita) per il riempimento con olio per pistole<\/li>\n<li>Alloggiamento della cartuccia compatto - altezza circa 33 cm, \u00d8 circa 9,5 cm<\/li>\n<\/ul>\n<p><strong>Vantaggi e caratteristiche<\/strong><\/p>\n<ul>\n<li>Set multicalibro: tutti gli accessori importanti per pistole, armi lunghe e fucili da caccia in un solo set<\/li>\n<li>Robuste parti in ottone: Resistenti alla corrosione e scorrevoli<\/li>\n<li>Completo e mobile: formato cartuccia salvaspazio, ideale da portare con s\u00e9 in una valigetta o in uno zaino.<\/li>\n<li>Manutenzione rapida: tutti gli accessori necessari per la pulizia della canna, l'applicazione dell'olio e la pulizia grossolana a bordo<\/li>\n<li>Qualit\u00e0 da entry-level a professionale: ideale per utenti singoli, uffici e laboratori<\/li>\n<\/ul>\n<p><strong>Note applicative<\/strong><\/p>\n<ol>\n<li>Assicurarsi sempre che la pistola sia scarica prima di pulirla.<\/li>\n<li>Rimuovere lo sporco grossolano con una spazzola e un gancio di pulizia.<\/li>\n<li>Equipaggiate l'asta di pulizia con una spazzola metallica adatta e lavorate la canna dalla parte posteriore a quella anteriore.<\/li>\n<li>Pulire con uno straccio di lana e un panno per la pulizia, quindi oliare leggermente.<\/li>\n<li>Non lasciare residui di olio nella canna - lucidare secondo le indicazioni del produttore.<\/li>\n<\/ol>\n<p><strong>Dati tecnici<\/strong><\/p>\n<ul>\n<li>Formato: Scatola per cartucce, pratica e salvaspazio<\/li>\n<li>Dimensioni della cartuccia: altezza circa 33 cm, diametro circa 9,5 cm<\/li>\n<li>Materiali: Ottone (asta, adattatore, spazzole), plastica (supporto per stoppino), tessuti (panni di lana, panni per la pulizia)<\/li>\n<\/ul>\n<p><strong>Istruzioni per la sicurezza e la cura<\/strong><\/p>\n<ul>\n<li>Utilizzare solo per lo scopo previsto.<\/li>\n<li>Prima di eseguire interventi di manutenzione, osservare le istruzioni di sicurezza e le istruzioni per l'uso della pistola.<\/li>\n<li>I detergenti\/oli devono essere ordinati separatamente (non sono inclusi).<\/li>\n<li>Tenere fuori dalla portata dei bambini.<\/li>\n<\/ul>","protected":false},"excerpt":{"rendered":"<p>Praktisches, komplett ausgestattetes Reinigungsset im Patronen-Format \u2014 ideal f\u00fcr Sch\u00fctzen, J\u00e4ger, Waffenh\u00e4ndler und Einsatzeinheiten. Das kompakte Set enth\u00e4lt alles, was<\/p>","protected":false},"featured_media":29927,"comment_status":"open","ping_status":"closed","template":"","meta":[],"product_brand":[108],"product_cat":[79],"product_tag":[],"class_list":{"0":"post-29922","1":"product","2":"type-product","3":"status-publish","4":"has-post-thumbnail","6":"product_brand-mfh","7":"product_cat-waffenzubehoer","9":"first","10":"outofstock","11":"taxable","12":"shipping-taxable","13":"purchasable","14":"product-type-simple"},"_links":{"self":[{"href":"https:\/\/defendgear.ch\/it\/wp-json\/wp\/v2\/product\/29922","targetHints":{"allow":["GET"]}}],"collection":[{"href":"https:\/\/defendgear.ch\/it\/wp-json\/wp\/v2\/product"}],"about":[{"href":"https:\/\/defendgear.ch\/it\/wp-json\/wp\/v2\/types\/product"}],"replies":[{"embeddable":true,"href":"https:\/\/defendgear.ch\/it\/wp-json\/wp\/v2\/comments?post=29922"}],"version-history":[{"count":1,"href":"https:\/\/defendgear.ch\/it\/wp-json\/wp\/v2\/product\/29922\/revisions"}],"predecessor-version":[{"id":29935,"href":"https:\/\/defendgear.ch\/it\/wp-json\/wp\/v2\/product\/29922\/revisions\/29935"}],"wp:featuredmedia":[{"embeddable":true,"href":"https:\/\/defendgear.ch\/it\/wp-json\/wp\/v2\/media\/29927"}],"wp:attachment":[{"href":"https:\/\/defendgear.ch\/it\/wp-json\/wp\/v2\/media?parent=29922"}],"wp:term":[{"taxonomy":"product_brand","embeddable":true,"href":"https:\/\/defendgear.ch\/it\/wp-json\/wp\/v2\/product_brand?post=29922"},{"taxonomy":"product_cat","embeddable":true,"href":"https:\/\/defendgear.ch\/it\/wp-json\/wp\/v2\/product_cat?post=29922"},{"taxonomy":"product_tag","embeddable":true,"href":"https:\/\/defendgear.ch\/it\/wp-json\/wp\/v2\/product_tag?post=29922"}],"curies":[{"name":"wp","href":"https:\/\/api.w.org\/{rel}","templated":true}]}}