{"id":29928,"date":"2025-11-06T10:08:17","date_gmt":"2025-11-06T09:08:17","guid":{"rendered":"https:\/\/defendgear.ch\/?post_type=product&#038;p=29928"},"modified":"2025-12-23T23:36:06","modified_gmt":"2025-12-23T22:36:06","slug":"t-shirt-tattica-coyote-tan","status":"publish","type":"product","link":"https:\/\/defendgear.ch\/it\/t-shirt-tattica-coyote-tan\/","title":{"rendered":"Maglietta \u201eTactical\u201c - Coyote Tan"},"content":{"rendered":"<p>La T-shirt \u201eTactical\u201c in Coyote Tan \u00e8 la scelta perfetta per tutti coloro che danno priorit\u00e0 alla funzionalit\u00e0, al comfort e allo stile tattico.<\/p>\n<p>Realizzato in poliestere funzionale e leggero (160 g\/m\u00b2), convince per la sua traspirabilit\u00e0 e le sue propriet\u00e0 di asciugatura rapida - ideale per l'allenamento, le attivit\u00e0 all'aperto o l'abbigliamento quotidiano nella stagione calda.<\/p>\n<p>Il taglio sportivo a mezza manica offre un'ottima libert\u00e0 di movimento, mentre il materiale trasporta in modo affidabile l'umidit\u00e0 verso l'esterno.<\/p>\n<p>In questo modo si rimane asciutti e comodi anche durante l'attivit\u00e0 fisica.<\/p>\n<p><strong>Propriet\u00e0:<\/strong><\/p>\n<ul>\n<li>Colore: Coyote Tan<\/li>\n<li>Taglio: Mezza manica \/ vestibilit\u00e0 regolare<\/li>\n<li>Materiale: 100 poliestere %<\/li>\n<li>Peso del tessuto: 160 g\/m\u00b2 - leggero e resistente<\/li>\n<li>Asciugatura rapida - perfetto per l'allenamento e l'uso<\/li>\n<li>Traspirante - assicura un clima corporeo piacevole<\/li>\n<\/ul>\n<p><strong>Vantaggi:<\/strong><\/p>\n<ul>\n<li>Leggero, funzionale e confortevole<\/li>\n<li>Ideale per esterni, sicurezza, airsoft e tempo libero<\/li>\n<li>Facile da pulire e resistente<\/li>\n<li>Perfettamente abbinabile a pantaloni ed equipaggiamenti tattici<\/li>\n<\/ul>","protected":false},"excerpt":{"rendered":"<p>La T-shirt \u201eTactical\u201c in Coyote Tan \u00e8 la scelta perfetta per tutti coloro che danno priorit\u00e0 alla funzionalit\u00e0, al comfort e allo stile tattico.<\/p>","protected":false},"featured_media":29937,"comment_status":"open","ping_status":"closed","template":"","meta":[],"product_brand":[108],"product_cat":[90],"product_tag":[],"class_list":{"0":"post-29928","1":"product","2":"type-product","3":"status-publish","4":"has-post-thumbnail","6":"product_brand-mfh","7":"product_cat-shirts","9":"first","10":"instock","11":"taxable","12":"shipping-taxable","13":"purchasable","14":"product-type-variable"},"_links":{"self":[{"href":"https:\/\/defendgear.ch\/it\/wp-json\/wp\/v2\/product\/29928","targetHints":{"allow":["GET"]}}],"collection":[{"href":"https:\/\/defendgear.ch\/it\/wp-json\/wp\/v2\/product"}],"about":[{"href":"https:\/\/defendgear.ch\/it\/wp-json\/wp\/v2\/types\/product"}],"replies":[{"embeddable":true,"href":"https:\/\/defendgear.ch\/it\/wp-json\/wp\/v2\/comments?post=29928"}],"version-history":[{"count":2,"href":"https:\/\/defendgear.ch\/it\/wp-json\/wp\/v2\/product\/29928\/revisions"}],"predecessor-version":[{"id":30822,"href":"https:\/\/defendgear.ch\/it\/wp-json\/wp\/v2\/product\/29928\/revisions\/30822"}],"wp:featuredmedia":[{"embeddable":true,"href":"https:\/\/defendgear.ch\/it\/wp-json\/wp\/v2\/media\/29937"}],"wp:attachment":[{"href":"https:\/\/defendgear.ch\/it\/wp-json\/wp\/v2\/media?parent=29928"}],"wp:term":[{"taxonomy":"product_brand","embeddable":true,"href":"https:\/\/defendgear.ch\/it\/wp-json\/wp\/v2\/product_brand?post=29928"},{"taxonomy":"product_cat","embeddable":true,"href":"https:\/\/defendgear.ch\/it\/wp-json\/wp\/v2\/product_cat?post=29928"},{"taxonomy":"product_tag","embeddable":true,"href":"https:\/\/defendgear.ch\/it\/wp-json\/wp\/v2\/product_tag?post=29928"}],"curies":[{"name":"wp","href":"https:\/\/api.w.org\/{rel}","templated":true}]}}