{"id":30047,"date":"2025-11-06T17:47:55","date_gmt":"2025-11-06T16:47:55","guid":{"rendered":"https:\/\/defendgear.ch\/?post_type=product&#038;p=30047"},"modified":"2025-11-26T13:58:54","modified_gmt":"2025-11-26T12:58:54","slug":"us-tactical-hemd-langarm-oliv","status":"publish","type":"product","link":"https:\/\/defendgear.ch\/it\/us-tactical-hemd-langarm-oliv\/","title":{"rendered":"Camicia tattica USA - Manica lunga, oliva"},"content":{"rendered":"<p>Das US Tactical Hemd in Oliv ist f\u00fcr den professionellen Einsatz konzipiert und bietet eine perfekte Kombination aus Bewegungsfreiheit, Robustheit und Funktionalit\u00e4t. Der elastische Torso aus 100 % Elasthan sorgt f\u00fcr hohen Tragekomfort und Bel\u00fcftung, w\u00e4hrend Kragen, Schultern und \u00c4rmel aus strapazierf\u00e4higem Rip-Stop-Gewebe maximale Widerstandsf\u00e4higkeit garantieren \u2013 ideal f\u00fcr taktische Eins\u00e4tze, Training oder Outdoor-Aktivit\u00e4ten.<\/p>\n<p>Der kurze Rei\u00dfverschluss am Stehkragen erm\u00f6glicht schnelles An- und Ausziehen sowie eine gute Luftzirkulation.<\/p>\n<p>Mehrere funktionale Taschen \u2013 darunter Oberarm- und Unterarmtaschen mit verdecktem Rei\u00dfverschluss sowie eine Tasche f\u00fcr Ellbogenprotektoren \u2013 bieten sicheren Stauraum f\u00fcr Ausr\u00fcstung und Zubeh\u00f6r.<\/p>\n<p>Die Klettflauschpatches an den Oberarmen erm\u00f6glichen das Anbringen von Namensschildern, Einheitenabzeichen oder individuellen Patches.<\/p>\n<p>Die verstellbaren \u00c4rmelmanschetten mit Klettverschluss und der eingearbeitete Windfang sch\u00fctzen zuverl\u00e4ssig bei wechselnden Wetterbedingungen und sorgen f\u00fcr einen optimalen Sitz.<\/p>\n<p><strong>Propriet\u00e0:<\/strong><\/p>\n<ul>\n<li>Colore: Oliva<\/li>\n<li>Zip corta sul colletto<\/li>\n<li>Oberarmtasche mit seitlich verdecktem Rei\u00dfverschluss und Klettflauschpatches<\/li>\n<li>Tasca per protezioni per i gomiti con chiusura a velcro<\/li>\n<li>Tasca sotto le ascelle con zip nascosta e 2 tasche portapenne<\/li>\n<li>\u00c4rmelabschluss mit integriertem Windfang und Klettmanschette<\/li>\n<li>Kragen-, Schulter- und \u00c4rmelgewebe aus strapazierf\u00e4higem Rip-Stop-Material<\/li>\n<li>Funktionell, atmungsaktiv und bewegungsfreundlich<\/li>\n<\/ul>\n<p><strong>Materiale:<\/strong><\/p>\n<ul>\n<li>Torso: 100 % Elasthan<\/li>\n<li>\u00c4rmel, Kragen und Schulter: 65 % Baumwolle, 35 % Polyester<\/li>\n<\/ul>","protected":false},"excerpt":{"rendered":"<p>Das US Tactical Hemd in Oliv ist f\u00fcr den professionellen Einsatz konzipiert und bietet eine perfekte Kombination aus Bewegungsfreiheit, Robustheit<\/p>","protected":false},"featured_media":30051,"comment_status":"open","ping_status":"closed","template":"","meta":[],"product_brand":[108],"product_cat":[91],"product_tag":[],"class_list":{"0":"post-30047","1":"product","2":"type-product","3":"status-publish","4":"has-post-thumbnail","6":"product_brand-mfh","7":"product_cat-hemden","9":"first","10":"instock","11":"taxable","12":"shipping-taxable","13":"purchasable","14":"product-type-variable"},"_links":{"self":[{"href":"https:\/\/defendgear.ch\/it\/wp-json\/wp\/v2\/product\/30047","targetHints":{"allow":["GET"]}}],"collection":[{"href":"https:\/\/defendgear.ch\/it\/wp-json\/wp\/v2\/product"}],"about":[{"href":"https:\/\/defendgear.ch\/it\/wp-json\/wp\/v2\/types\/product"}],"replies":[{"embeddable":true,"href":"https:\/\/defendgear.ch\/it\/wp-json\/wp\/v2\/comments?post=30047"}],"version-history":[{"count":1,"href":"https:\/\/defendgear.ch\/it\/wp-json\/wp\/v2\/product\/30047\/revisions"}],"predecessor-version":[{"id":30054,"href":"https:\/\/defendgear.ch\/it\/wp-json\/wp\/v2\/product\/30047\/revisions\/30054"}],"wp:featuredmedia":[{"embeddable":true,"href":"https:\/\/defendgear.ch\/it\/wp-json\/wp\/v2\/media\/30051"}],"wp:attachment":[{"href":"https:\/\/defendgear.ch\/it\/wp-json\/wp\/v2\/media?parent=30047"}],"wp:term":[{"taxonomy":"product_brand","embeddable":true,"href":"https:\/\/defendgear.ch\/it\/wp-json\/wp\/v2\/product_brand?post=30047"},{"taxonomy":"product_cat","embeddable":true,"href":"https:\/\/defendgear.ch\/it\/wp-json\/wp\/v2\/product_cat?post=30047"},{"taxonomy":"product_tag","embeddable":true,"href":"https:\/\/defendgear.ch\/it\/wp-json\/wp\/v2\/product_tag?post=30047"}],"curies":[{"name":"wp","href":"https:\/\/api.w.org\/{rel}","templated":true}]}}