{"id":30055,"date":"2025-11-06T17:49:21","date_gmt":"2025-11-06T16:49:21","guid":{"rendered":"https:\/\/defendgear.ch\/?post_type=product&#038;p=30055"},"modified":"2026-02-05T12:47:54","modified_gmt":"2026-02-05T11:47:54","slug":"tactical-handschuhe-pro-ohne-finger-schwarz","status":"publish","type":"product","link":"https:\/\/defendgear.ch\/it\/tactical-handschuhe-pro-ohne-finger-schwarz\/","title":{"rendered":"Guanti tattici \u201ePro\u201c - Senza dita, nero"},"content":{"rendered":"<p>Die Tactical Handschuhe \u201ePro\u201c ohne Finger bieten maximalen Grip, Schutz und Bewegungsfreiheit \u2013 perfekt f\u00fcr den taktischen Einsatz, Schie\u00dfsport, Outdoor-Aktivit\u00e4ten oder das Training.<\/p>\n<p>Dank der verst\u00e4rkten Handinnenfl\u00e4che aus Kunstleder garantieren sie auch auf nassen Oberfl\u00e4chen exzellenten Halt. Das elastische Obermaterial sorgt f\u00fcr eine optimale Passform, w\u00e4hrend die Kn\u00f6chelpolsterung aus Silikon zus\u00e4tzlichen Schutz bietet.<\/p>\n<p>Zwei Klettverschl\u00fcsse am Handgelenk erm\u00f6glichen eine pr\u00e4zise Weitenverstellung und sichern den perfekten Sitz, auch bei intensiver Bewegung. Die Handschuhe sind schnelltrocknend und bieten durch das atmungsaktive Material hohen Tragekomfort \u2013 ideal f\u00fcr l\u00e4ngere Eins\u00e4tze oder sportliche Aktivit\u00e4ten.<\/p>\n<p><strong>Propriet\u00e0:<\/strong><\/p>\n<ul>\n<li>Colore: nero<\/li>\n<li>Halbhand-Design (ohne Finger) f\u00fcr optimale Beweglichkeit<\/li>\n<li>Exzellenter Grip \u2013 auch bei N\u00e4sse<\/li>\n<li>Asciugatura rapida e traspirabilit\u00e0<\/li>\n<li>Elastisches Gewebe am Handr\u00fccken f\u00fcr perfekte Passform<\/li>\n<li>Imbottitura in silicone per la caviglia<\/li>\n<li>Palmo con finiture in pelle sintetica resistente<\/li>\n<li>Due chiusure in velcro sul polso per la regolazione della larghezza<\/li>\n<li>Ideale per l'uso militare, di polizia, di sicurezza, per gli sport di tiro e per l'uso all'aperto.<\/li>\n<\/ul>\n<p><strong>Materiale:<\/strong><\/p>\n<ul>\n<li>Palmo: 90 poliuretano %, 10 nylon %<\/li>\n<li>Dorso della mano: 45 % poliestere, 45 % nylon, 10 % elastan con imbottitura in silicone<\/li>\n<\/ul>","protected":false},"excerpt":{"rendered":"<p>Die Tactical Handschuhe \u201ePro\u201c ohne Finger bieten maximalen Grip, Schutz und Bewegungsfreiheit \u2013 perfekt f\u00fcr den taktischen Einsatz, Schie\u00dfsport, Outdoor-Aktivit\u00e4ten<\/p>","protected":false},"featured_media":30070,"comment_status":"open","ping_status":"closed","template":"","meta":[],"product_brand":[108],"product_cat":[94],"product_tag":[],"class_list":{"0":"post-30055","1":"product","2":"type-product","3":"status-publish","4":"has-post-thumbnail","6":"product_brand-mfh","7":"product_cat-schlagschutz-handschuhe","9":"first","10":"instock","11":"taxable","12":"shipping-taxable","13":"purchasable","14":"product-type-variable"},"_links":{"self":[{"href":"https:\/\/defendgear.ch\/it\/wp-json\/wp\/v2\/product\/30055","targetHints":{"allow":["GET"]}}],"collection":[{"href":"https:\/\/defendgear.ch\/it\/wp-json\/wp\/v2\/product"}],"about":[{"href":"https:\/\/defendgear.ch\/it\/wp-json\/wp\/v2\/types\/product"}],"replies":[{"embeddable":true,"href":"https:\/\/defendgear.ch\/it\/wp-json\/wp\/v2\/comments?post=30055"}],"version-history":[{"count":1,"href":"https:\/\/defendgear.ch\/it\/wp-json\/wp\/v2\/product\/30055\/revisions"}],"predecessor-version":[{"id":30071,"href":"https:\/\/defendgear.ch\/it\/wp-json\/wp\/v2\/product\/30055\/revisions\/30071"}],"wp:featuredmedia":[{"embeddable":true,"href":"https:\/\/defendgear.ch\/it\/wp-json\/wp\/v2\/media\/30070"}],"wp:attachment":[{"href":"https:\/\/defendgear.ch\/it\/wp-json\/wp\/v2\/media?parent=30055"}],"wp:term":[{"taxonomy":"product_brand","embeddable":true,"href":"https:\/\/defendgear.ch\/it\/wp-json\/wp\/v2\/product_brand?post=30055"},{"taxonomy":"product_cat","embeddable":true,"href":"https:\/\/defendgear.ch\/it\/wp-json\/wp\/v2\/product_cat?post=30055"},{"taxonomy":"product_tag","embeddable":true,"href":"https:\/\/defendgear.ch\/it\/wp-json\/wp\/v2\/product_tag?post=30055"}],"curies":[{"name":"wp","href":"https:\/\/api.w.org\/{rel}","templated":true}]}}