{"id":30108,"date":"2025-11-06T18:14:15","date_gmt":"2025-11-06T17:14:15","guid":{"rendered":"https:\/\/defendgear.ch\/?post_type=product&#038;p=30108"},"modified":"2026-02-05T10:21:14","modified_gmt":"2026-02-05T09:21:14","slug":"guanti-tattici-mission-black","status":"publish","type":"product","link":"https:\/\/defendgear.ch\/it\/guanti-tattici-mission-black\/","title":{"rendered":"Guanti tattici \u201eMission\u201c - Nero"},"content":{"rendered":"<p>I guanti tattici \u201eMission\u201c in nero combinano una protezione senza compromessi con la massima libert\u00e0 di movimento - ideali per missioni tattiche, sport di tiro, sicurezza o attivit\u00e0 all'aperto.<\/p>\n<p>Grazie ai polpastrelli ripiegati sul pollice e sull'indice, viene mantenuta la piena capacit\u00e0 tattile e operativa, perfetta per maneggiare con precisione armi, attrezzature o dispositivi elettronici.<\/p>\n<p>Le protezioni in plastica con look in carbonio proteggono in modo affidabile il dorso della mano da urti e impatti, mentre le aperture di ventilazione sulle nocche garantiscono una circolazione ottimale dell'aria.<\/p>\n<p>Il palmo con finiture in pelle sintetica offre un'eccellente presa e un'elevata resistenza all'abrasione. Inoltre, le sezioni in pelle sintetica sul dorso della mano rinforzano le aree particolarmente sollecitate.<\/p>\n<p>Il materiale traspirante e ad asciugatura rapida e la chiusura in velcro sul polso assicurano una vestibilit\u00e0 ottimale e un elevato livello di comfort, anche durante i lunghi periodi di utilizzo.<\/p>\n<p><strong>Propriet\u00e0:<\/strong><\/p>\n<ul>\n<li>Colore: nero<\/li>\n<li>Pollice e indice ripiegabili - piena operativit\u00e0<\/li>\n<li>Traspirante e ad asciugatura rapida<\/li>\n<li>Protezioni in plastica in carbonio per una protezione efficace della caviglia<\/li>\n<li>Fori di ventilazione sulle nocche per una ventilazione ottimale<\/li>\n<li>Rivestimento in pelle sintetica sul palmo e in parte sul dorso della mano<\/li>\n<li>Ottime propriet\u00e0 di presa e di contatto<\/li>\n<li>Chiusura in velcro sul polso per la regolazione della larghezza<\/li>\n<li>Ideale per l'uso militare, di polizia, di sicurezza, per gli sport di tiro e per l'uso all'aperto.<\/li>\n<\/ul>\n<p><strong>Materiale:<\/strong><\/p>\n<ul>\n<li>Dorso della mano: 55 % poliestere, 40 % poliuretano, 5 % neoprene con protezioni in plastica<\/li>\n<li>Palmo: 100 poliuretano %<\/li>\n<\/ul>\n<div id=\"gtx-trans\" style=\"position: absolute;left: 27px;top: 0.909092px\">\n<div class=\"gtx-trans-icon\"><\/div>\n<\/div>","protected":false},"excerpt":{"rendered":"<p>Die Tactical Handschuhe \u201eMission\u201c in Schwarz vereinen kompromisslosen Schutz mit maximaler Bewegungsfreiheit \u2013 ideal f\u00fcr taktische Eins\u00e4tze, Schie\u00dfsport, Security oder<\/p>","protected":false},"featured_media":30109,"comment_status":"open","ping_status":"closed","template":"","meta":[],"product_brand":[108],"product_cat":[94],"product_tag":[],"class_list":{"0":"post-30108","1":"product","2":"type-product","3":"status-publish","4":"has-post-thumbnail","6":"product_brand-mfh","7":"product_cat-schlagschutz-handschuhe","9":"first","10":"instock","11":"taxable","12":"shipping-taxable","13":"purchasable","14":"product-type-variable"},"_links":{"self":[{"href":"https:\/\/defendgear.ch\/it\/wp-json\/wp\/v2\/product\/30108","targetHints":{"allow":["GET"]}}],"collection":[{"href":"https:\/\/defendgear.ch\/it\/wp-json\/wp\/v2\/product"}],"about":[{"href":"https:\/\/defendgear.ch\/it\/wp-json\/wp\/v2\/types\/product"}],"replies":[{"embeddable":true,"href":"https:\/\/defendgear.ch\/it\/wp-json\/wp\/v2\/comments?post=30108"}],"version-history":[{"count":2,"href":"https:\/\/defendgear.ch\/it\/wp-json\/wp\/v2\/product\/30108\/revisions"}],"predecessor-version":[{"id":30238,"href":"https:\/\/defendgear.ch\/it\/wp-json\/wp\/v2\/product\/30108\/revisions\/30238"}],"wp:featuredmedia":[{"embeddable":true,"href":"https:\/\/defendgear.ch\/it\/wp-json\/wp\/v2\/media\/30109"}],"wp:attachment":[{"href":"https:\/\/defendgear.ch\/it\/wp-json\/wp\/v2\/media?parent=30108"}],"wp:term":[{"taxonomy":"product_brand","embeddable":true,"href":"https:\/\/defendgear.ch\/it\/wp-json\/wp\/v2\/product_brand?post=30108"},{"taxonomy":"product_cat","embeddable":true,"href":"https:\/\/defendgear.ch\/it\/wp-json\/wp\/v2\/product_cat?post=30108"},{"taxonomy":"product_tag","embeddable":true,"href":"https:\/\/defendgear.ch\/it\/wp-json\/wp\/v2\/product_tag?post=30108"}],"curies":[{"name":"wp","href":"https:\/\/api.w.org\/{rel}","templated":true}]}}