{"id":30131,"date":"2025-11-06T18:13:08","date_gmt":"2025-11-06T17:13:08","guid":{"rendered":"https:\/\/defendgear.ch\/?post_type=product&#038;p=30131"},"modified":"2025-11-26T14:30:41","modified_gmt":"2025-11-26T13:30:41","slug":"guanti-tattici-azione-nero","status":"publish","type":"product","link":"https:\/\/defendgear.ch\/it\/guanti-tattici-azione-nero\/","title":{"rendered":"Guanti tattici \u201eAction\u201c - Nero"},"content":{"rendered":"<p>I guanti tattici \u201eAction\u201c in nero offrono la massima funzionalit\u00e0, comfort e libert\u00e0 di movimento, ideali per operazioni tattiche, sport di tiro, sicurezza o attivit\u00e0 all'aperto.<\/p>\n<p>Grazie ai polpastrelli pieghevoli del pollice e dell'indice, viene mantenuta la piena capacit\u00e0 tattile e operativa, perfetta per maneggiare armi, dispositivi o attrezzature.<\/p>\n<p>Il palmo leggermente traforato con imbottitura parziale e rinforzo garantisce un'ottima presa e traspirabilit\u00e0, anche in caso di uso prolungato.<\/p>\n<p>La morbida protezione delle dita e delle nocche offre comfort e sicurezza senza limitare la libert\u00e0 di movimento.<\/p>\n<p>Il materiale elastico ad asciugatura rapida si adatta in modo ergonomico alla mano, mentre la chiusura in velcro sul polso garantisce una regolazione precisa della larghezza.<\/p>\n<p><strong>Propriet\u00e0:<\/strong><\/p>\n<ul>\n<li>Colore: nero<\/li>\n<li>Pollice e indice ripiegabili - piena operativit\u00e0<\/li>\n<li>Traspirante, elasticizzato e ad asciugatura rapida<\/li>\n<li>Palmo traforato, con imbottitura e rinforzo parziale<\/li>\n<li>Eccellente presa e tattilit\u00e0<\/li>\n<li>Protezione morbida per dita e nocche<\/li>\n<li>Chiusura in velcro sul polso per la regolazione della larghezza<\/li>\n<li>Ideale per l'uso militare, di polizia, di sicurezza, per gli sport di tiro e per l'uso all'aperto.<\/li>\n<\/ul>\n<p><strong>Materiale:<\/strong><\/p>\n<ul>\n<li>Dorso della mano: 85 % poliestere, 15 % elastane<\/li>\n<li>Palmo: 100 nylon % con imbottitura in EVA<\/li>\n<\/ul>","protected":false},"excerpt":{"rendered":"<p>Die Tactical Handschuhe \u201eAction\u201c in Schwarz bieten h\u00f6chste Funktionalit\u00e4t, Tragekomfort und Bewegungsfreiheit \u2013 ideal f\u00fcr taktische Eins\u00e4tze, Schie\u00dfsport, Security oder<\/p>","protected":false},"featured_media":30145,"comment_status":"open","ping_status":"closed","template":"","meta":[],"product_brand":[108],"product_cat":[94],"product_tag":[],"class_list":{"0":"post-30131","1":"product","2":"type-product","3":"status-publish","4":"has-post-thumbnail","6":"product_brand-mfh","7":"product_cat-schlagschutz-handschuhe","9":"first","10":"instock","11":"taxable","12":"shipping-taxable","13":"purchasable","14":"product-type-variable"},"_links":{"self":[{"href":"https:\/\/defendgear.ch\/it\/wp-json\/wp\/v2\/product\/30131","targetHints":{"allow":["GET"]}}],"collection":[{"href":"https:\/\/defendgear.ch\/it\/wp-json\/wp\/v2\/product"}],"about":[{"href":"https:\/\/defendgear.ch\/it\/wp-json\/wp\/v2\/types\/product"}],"replies":[{"embeddable":true,"href":"https:\/\/defendgear.ch\/it\/wp-json\/wp\/v2\/comments?post=30131"}],"version-history":[{"count":1,"href":"https:\/\/defendgear.ch\/it\/wp-json\/wp\/v2\/product\/30131\/revisions"}],"predecessor-version":[{"id":30147,"href":"https:\/\/defendgear.ch\/it\/wp-json\/wp\/v2\/product\/30131\/revisions\/30147"}],"wp:featuredmedia":[{"embeddable":true,"href":"https:\/\/defendgear.ch\/it\/wp-json\/wp\/v2\/media\/30145"}],"wp:attachment":[{"href":"https:\/\/defendgear.ch\/it\/wp-json\/wp\/v2\/media?parent=30131"}],"wp:term":[{"taxonomy":"product_brand","embeddable":true,"href":"https:\/\/defendgear.ch\/it\/wp-json\/wp\/v2\/product_brand?post=30131"},{"taxonomy":"product_cat","embeddable":true,"href":"https:\/\/defendgear.ch\/it\/wp-json\/wp\/v2\/product_cat?post=30131"},{"taxonomy":"product_tag","embeddable":true,"href":"https:\/\/defendgear.ch\/it\/wp-json\/wp\/v2\/product_tag?post=30131"}],"curies":[{"name":"wp","href":"https:\/\/api.w.org\/{rel}","templated":true}]}}