{"id":30148,"date":"2025-11-06T18:11:59","date_gmt":"2025-11-06T17:11:59","guid":{"rendered":"https:\/\/defendgear.ch\/?post_type=product&#038;p=30148"},"modified":"2025-11-26T14:29:45","modified_gmt":"2025-11-26T13:29:45","slug":"guanti-tattici-attacco-coyote-tan","status":"publish","type":"product","link":"https:\/\/defendgear.ch\/it\/guanti-tattici-attacco-coyote-tan\/","title":{"rendered":"Guanti tattici \u201eAttack\u201c - Coyote Tan"},"content":{"rendered":"<p>I guanti tattici \u201eAttack\u201c in Coyote Tan sono la scelta perfetta per missioni, sport di tiro, applicazioni all'aperto e tattiche in cui precisione, protezione e libert\u00e0 di movimento sono fondamentali.<\/p>\n<p>Il pollice e l'indice ripiegabili mantengono la piena capacit\u00e0 tattile e operativa, ideale per maneggiare armi, attrezzature o schermi tattili.<\/p>\n<p>Il materiale traspirante e ad asciugatura rapida assicura una vestibilit\u00e0 confortevole, anche in caso di sforzo intenso o di clima caldo.<\/p>\n<p>Il palmo \u00e8 parzialmente imbottito e rinforzato, per garantire un'ottima presa e un'ulteriore ammortizzazione.<\/p>\n<p>La morbida protezione delle dita e delle nocche garantisce comfort e sicurezza senza limitare la libert\u00e0 di movimento.<\/p>\n<p>La chiusura in velcro sul polso consente una regolazione precisa della larghezza e una vestibilit\u00e0 ottimale.<\/p>\n<p><strong>Propriet\u00e0:<\/strong><\/p>\n<ul>\n<li>Colore: Coyote Tan<\/li>\n<li>Pollice e indice pieghevoli - per un'operativit\u00e0 ottimale<\/li>\n<li>Traspirante e ad asciugatura rapida<\/li>\n<li>Palmo con imbottitura e rinforzo<\/li>\n<li>Ottima presa e tattilit\u00e0<\/li>\n<li>Protezione morbida delle dita e delle nocche per un elevato comfort di utilizzo<\/li>\n<li>Chiusura in velcro sul polso per la regolazione della larghezza<\/li>\n<li>Ideale per l'uso militare, di polizia, per gli sport di tiro, per la sicurezza e per l'uso all'aperto.<\/li>\n<\/ul>\n<p><strong>Materiale:<\/strong><\/p>\n<ul>\n<li>Dorso della mano: 80 % poliestere, 10 % elastan, 10 % nylon con inserti in gomma<\/li>\n<li>Palmo: 100 nylon % con imbottitura in EVA<\/li>\n<\/ul>","protected":false},"excerpt":{"rendered":"<p>Die Tactical Handschuhe \u201eAttack\u201c in Coyote Tan sind die perfekte Wahl f\u00fcr Eins\u00e4tze, Schie\u00dfsport, Outdoor und taktische Anwendungen, bei denen<\/p>","protected":false},"featured_media":30149,"comment_status":"open","ping_status":"closed","template":"","meta":[],"product_brand":[108],"product_cat":[94],"product_tag":[],"class_list":{"0":"post-30148","1":"product","2":"type-product","3":"status-publish","4":"has-post-thumbnail","6":"product_brand-mfh","7":"product_cat-schlagschutz-handschuhe","9":"first","10":"instock","11":"taxable","12":"shipping-taxable","13":"purchasable","14":"product-type-variable"},"_links":{"self":[{"href":"https:\/\/defendgear.ch\/it\/wp-json\/wp\/v2\/product\/30148","targetHints":{"allow":["GET"]}}],"collection":[{"href":"https:\/\/defendgear.ch\/it\/wp-json\/wp\/v2\/product"}],"about":[{"href":"https:\/\/defendgear.ch\/it\/wp-json\/wp\/v2\/types\/product"}],"replies":[{"embeddable":true,"href":"https:\/\/defendgear.ch\/it\/wp-json\/wp\/v2\/comments?post=30148"}],"version-history":[{"count":1,"href":"https:\/\/defendgear.ch\/it\/wp-json\/wp\/v2\/product\/30148\/revisions"}],"predecessor-version":[{"id":30151,"href":"https:\/\/defendgear.ch\/it\/wp-json\/wp\/v2\/product\/30148\/revisions\/30151"}],"wp:featuredmedia":[{"embeddable":true,"href":"https:\/\/defendgear.ch\/it\/wp-json\/wp\/v2\/media\/30149"}],"wp:attachment":[{"href":"https:\/\/defendgear.ch\/it\/wp-json\/wp\/v2\/media?parent=30148"}],"wp:term":[{"taxonomy":"product_brand","embeddable":true,"href":"https:\/\/defendgear.ch\/it\/wp-json\/wp\/v2\/product_brand?post=30148"},{"taxonomy":"product_cat","embeddable":true,"href":"https:\/\/defendgear.ch\/it\/wp-json\/wp\/v2\/product_cat?post=30148"},{"taxonomy":"product_tag","embeddable":true,"href":"https:\/\/defendgear.ch\/it\/wp-json\/wp\/v2\/product_tag?post=30148"}],"curies":[{"name":"wp","href":"https:\/\/api.w.org\/{rel}","templated":true}]}}