{"id":30155,"date":"2025-11-06T18:10:44","date_gmt":"2025-11-06T17:10:44","guid":{"rendered":"https:\/\/defendgear.ch\/?post_type=product&#038;p=30155"},"modified":"2026-02-06T12:29:29","modified_gmt":"2026-02-06T11:29:29","slug":"guanti-mechanix-pursuit-d5-nero","status":"publish","type":"product","link":"https:\/\/defendgear.ch\/it\/guanti-mechanix-pursuit-d5-nero\/","title":{"rendered":"Guanti da meccanico \u201ePursuit D5\u201c - Nero"},"content":{"rendered":"<p>I guanti Mechanix Wear \u201ePursuit D5\u201c in nero offrono la massima protezione e allo stesso tempo un comfort eccezionale.<\/p>\n<p>Sviluppati appositamente per le operazioni tattiche, la polizia, i servizi di sicurezza e i lavori pi\u00f9 impegnativi, combinano resistenza al taglio, funzionalit\u00e0 e libert\u00e0 di movimento ai massimi livelli.<\/p>\n<p>Lo strato interno in Armortex\u00ae offre una protezione antitaglio conforme alla norma EN 388:2016 livello D e ANSI A5, proteggendo in modo affidabile i palmi delle mani e le dita dai bordi taglienti.<\/p>\n<p>Il materiale TrekDry\u00ae traspirante sul dorso della mano assicura un piacevole ricambio d'aria, ideale per i periodi di utilizzo pi\u00f9 lunghi o in condizioni di caldo.<\/p>\n<p>Il robusto palmo in pelle sintetica offre una presa sicura e un'elevata durata, mentre la chiusura in velcro sul polso consente una regolazione personalizzata.<\/p>\n<p>Un passante facilita l'indossamento rapido dei guanti e, grazie alla funzione touchscreen, \u00e8 possibile utilizzare i dispositivi senza toglierli.<\/p>\n<p>I guanti sono certificati secondo le norme EN ISO 21420:2020 e EN 388:2016+A1:2018 (3X43D) - una garanzia di qualit\u00e0 e protezione testata.<\/p>\n<p><strong>Propriet\u00e0:<\/strong><\/p>\n<ul>\n<li>Colore: nero<\/li>\n<li>Guanto di protezione contro il taglio con strato interno in Armortex<\/li>\n<li>Resistenza al taglio: EN 388:2016 livello D \/ ANSI A5<\/li>\n<li>Traspirante e rinfrescante grazie al materiale TrekDry\u00ae.<\/li>\n<li>Robusto palmo in pelle sintetica per una presa ottimale<\/li>\n<li>Chiusura in velcro per regolare la larghezza<\/li>\n<li>Passante per una rapida calzata<\/li>\n<li>Compatibile con il touchscreen<\/li>\n<li>Certificato secondo la norma EN ISO 21420:2020 e EN 388:2016+A1:2018 (3X43D)<\/li>\n<li>Ideale per la polizia, la sicurezza, i militari e gli utenti professionali<\/li>\n<\/ul>\n<p><strong>Materiale:<\/strong><\/p>\n<ul>\n<li>Dorso della mano: 94 % poliestere, 6 % spandex<\/li>\n<li>Palmo: pelle sintetica (60 % nylon, 38 % poliuretano, 2 % carbonio, nero)<\/li>\n<\/ul>","protected":false},"excerpt":{"rendered":"<p>Die Mechanix Wear \u201ePursuit D5\u201c Handschuhe in Schwarz bieten h\u00f6chsten Schutz bei gleichzeitig hervorragendem Tragekomfort. Speziell f\u00fcr taktische Eins\u00e4tze, Polizei,<\/p>","protected":false},"featured_media":30160,"comment_status":"open","ping_status":"closed","template":"","meta":[],"product_brand":[167],"product_cat":[94],"product_tag":[],"class_list":{"0":"post-30155","1":"product","2":"type-product","3":"status-publish","4":"has-post-thumbnail","6":"product_brand-mechanix","7":"product_cat-schlagschutz-handschuhe","9":"first","10":"instock","11":"sale","12":"taxable","13":"shipping-taxable","14":"purchasable","15":"product-type-variable"},"_links":{"self":[{"href":"https:\/\/defendgear.ch\/it\/wp-json\/wp\/v2\/product\/30155","targetHints":{"allow":["GET"]}}],"collection":[{"href":"https:\/\/defendgear.ch\/it\/wp-json\/wp\/v2\/product"}],"about":[{"href":"https:\/\/defendgear.ch\/it\/wp-json\/wp\/v2\/types\/product"}],"replies":[{"embeddable":true,"href":"https:\/\/defendgear.ch\/it\/wp-json\/wp\/v2\/comments?post=30155"}],"version-history":[{"count":1,"href":"https:\/\/defendgear.ch\/it\/wp-json\/wp\/v2\/product\/30155\/revisions"}],"predecessor-version":[{"id":30159,"href":"https:\/\/defendgear.ch\/it\/wp-json\/wp\/v2\/product\/30155\/revisions\/30159"}],"wp:featuredmedia":[{"embeddable":true,"href":"https:\/\/defendgear.ch\/it\/wp-json\/wp\/v2\/media\/30160"}],"wp:attachment":[{"href":"https:\/\/defendgear.ch\/it\/wp-json\/wp\/v2\/media?parent=30155"}],"wp:term":[{"taxonomy":"product_brand","embeddable":true,"href":"https:\/\/defendgear.ch\/it\/wp-json\/wp\/v2\/product_brand?post=30155"},{"taxonomy":"product_cat","embeddable":true,"href":"https:\/\/defendgear.ch\/it\/wp-json\/wp\/v2\/product_cat?post=30155"},{"taxonomy":"product_tag","embeddable":true,"href":"https:\/\/defendgear.ch\/it\/wp-json\/wp\/v2\/product_tag?post=30155"}],"curies":[{"name":"wp","href":"https:\/\/api.w.org\/{rel}","templated":true}]}}