{"id":30176,"date":"2025-11-06T18:05:43","date_gmt":"2025-11-06T17:05:43","guid":{"rendered":"https:\/\/defendgear.ch\/?post_type=product&#038;p=30176"},"modified":"2026-02-05T10:31:27","modified_gmt":"2026-02-05T09:31:27","slug":"guanti-mechanix-originali-coyote","status":"publish","type":"product","link":"https:\/\/defendgear.ch\/it\/guanti-mechanix-originali-coyote\/","title":{"rendered":"Guanti da meccanico \u201eOriginal\u201c - Coyote"},"content":{"rendered":"<p>I guanti Mechanix Wear \u201eOriginal\u201c in Coyote sono il punto di riferimento per i guanti professionali, sviluppati per l'esercito, la polizia, la meccanica, gli sport di tiro e le attivit\u00e0 all'aperto.<\/p>\n<p>Offrono una combinazione perfetta di comfort, durata e funzionalit\u00e0, collaudata in ambienti tattici di tutto il mondo.<\/p>\n<p>Il materiale TrekDry\u00ae traspirante sul dorso della mano assicura un piacevole raffreddamento e una vestibilit\u00e0 ottimale.<\/p>\n<p>Il palmo rinforzato in pelle sintetica garantisce un'eccellente presa e un'elevata resistenza all'abrasione, anche in caso di uso intensivo. I rinforzi sul pollice e sull'indice proteggono le aree pi\u00f9 sollecitate.<\/p>\n<p>La funzione touchscreen consente di utilizzare smartphone e dispositivi senza doversi togliere i guanti.<\/p>\n<p>Grazie alla chiusura in velcro sul polso, la vestibilit\u00e0 pu\u00f2 essere personalizzata, mentre l'occhiello a strappo consente di indossarlo rapidamente.<\/p>\n<p>I guanti sono certificati in conformit\u00e0 alle norme EN ISO 21420:2020 e EN 388:2016+A1:2018 (3121X): una prova affidabile di qualit\u00e0 e protezione testate.<\/p>\n<p><strong>Propriet\u00e0:<\/strong><\/p>\n<ul>\n<li>Colore: Coyote<\/li>\n<li>Traspirante e rinfrescante grazie al materiale TrekDry\u00ae.<\/li>\n<li>Rinforzi su pollice e indice<\/li>\n<li>Palmo in pelle sintetica resistente con presa sicura<\/li>\n<li>Compatibile con il touchscreen<\/li>\n<li>Chiusura in velcro sul polso per la regolazione della larghezza<\/li>\n<li>Pratico passante a strappo<\/li>\n<li>Certificato secondo la norma EN ISO 21420:2020 e EN 388:2016+A1:2018 (3121X)<\/li>\n<li>Ideale per i militari, la polizia, i meccanici, gli sport di tiro e l'uso all'aperto<\/li>\n<\/ul>\n<p><strong>Materiale:<\/strong><\/p>\n<ul>\n<li>Dorso della mano: 94 % nylon, 6 % elastan<\/li>\n<li>Palmo: pelle sintetica (60 % nylon, 38 % poliuretano, 2 % carbonio, nero)<\/li>\n<\/ul>","protected":false},"excerpt":{"rendered":"<p>Die Mechanix Wear \u201eOriginal\u201c Handschuhe in Coyote sind der Ma\u00dfstab f\u00fcr professionelle Einsatzhandschuhe \u2013 entwickelt f\u00fcr Milit\u00e4r, Polizei, Mechaniker, Schie\u00dfsport<\/p>","protected":false},"featured_media":30177,"comment_status":"open","ping_status":"closed","template":"","meta":[],"product_brand":[167],"product_cat":[93],"product_tag":[],"class_list":{"0":"post-30176","1":"product","2":"type-product","3":"status-publish","4":"has-post-thumbnail","6":"product_brand-mechanix","7":"product_cat-all-round-handschuhe","9":"first","10":"instock","11":"taxable","12":"shipping-taxable","13":"purchasable","14":"product-type-variable"},"_links":{"self":[{"href":"https:\/\/defendgear.ch\/it\/wp-json\/wp\/v2\/product\/30176","targetHints":{"allow":["GET"]}}],"collection":[{"href":"https:\/\/defendgear.ch\/it\/wp-json\/wp\/v2\/product"}],"about":[{"href":"https:\/\/defendgear.ch\/it\/wp-json\/wp\/v2\/types\/product"}],"replies":[{"embeddable":true,"href":"https:\/\/defendgear.ch\/it\/wp-json\/wp\/v2\/comments?post=30176"}],"version-history":[{"count":2,"href":"https:\/\/defendgear.ch\/it\/wp-json\/wp\/v2\/product\/30176\/revisions"}],"predecessor-version":[{"id":30826,"href":"https:\/\/defendgear.ch\/it\/wp-json\/wp\/v2\/product\/30176\/revisions\/30826"}],"wp:featuredmedia":[{"embeddable":true,"href":"https:\/\/defendgear.ch\/it\/wp-json\/wp\/v2\/media\/30177"}],"wp:attachment":[{"href":"https:\/\/defendgear.ch\/it\/wp-json\/wp\/v2\/media?parent=30176"}],"wp:term":[{"taxonomy":"product_brand","embeddable":true,"href":"https:\/\/defendgear.ch\/it\/wp-json\/wp\/v2\/product_brand?post=30176"},{"taxonomy":"product_cat","embeddable":true,"href":"https:\/\/defendgear.ch\/it\/wp-json\/wp\/v2\/product_cat?post=30176"},{"taxonomy":"product_tag","embeddable":true,"href":"https:\/\/defendgear.ch\/it\/wp-json\/wp\/v2\/product_tag?post=30176"}],"curies":[{"name":"wp","href":"https:\/\/api.w.org\/{rel}","templated":true}]}}