{"id":30209,"date":"2025-11-06T14:04:14","date_gmt":"2025-11-06T13:04:14","guid":{"rendered":"https:\/\/defendgear.ch\/?post_type=product&#038;p=30209"},"modified":"2026-02-05T12:51:58","modified_gmt":"2026-02-05T11:51:58","slug":"guanti-mechanix-original-olive","status":"publish","type":"product","link":"https:\/\/defendgear.ch\/it\/guanti-mechanix-original-olive\/","title":{"rendered":"Guanti Mechanix \u201eOriginal\u201c - Oliva"},"content":{"rendered":"<p>I guanti Mechanix Wear \u201eOriginal\u201c in oliva sono il classico per le esigenze pi\u00f9 elevate, sia nell'uso tattico, sia sul lavoro, sia negli sport di tiro o all'aperto. Questi guanti collaudati offrono una combinazione perfetta di comfort, protezione e funzionalit\u00e0.<\/p>\n<p>Il materiale TrekDry\u00ae traspirante sul dorso della mano mantiene le mani fresche e assicura una vestibilit\u00e0 ergonomica e aderente. Il robusto palmo in pelle sintetica garantisce una presa sicura e un'elevata resistenza all'abrasione, anche in caso di uso intensivo.<\/p>\n<p>I rinforzi sul pollice e sull'indice aumentano la durata nelle aree ad alta usura.<\/p>\n<p>La funzione touchscreen consente di utilizzare facilmente smartphone e dispositivi senza togliere i guanti. La chiusura in velcro sul polso consente di personalizzare i guanti, mentre l'occhiello a strappo li rende facili e veloci da indossare.<\/p>\n<p>I guanti sono certificati in conformit\u00e0 alla norma EN ISO 21420:2020 e alla norma EN 388:2016+A1:2018 (3121X): una prova di qualit\u00e0 testata e di protezione affidabile.<\/p>\n<p><strong>Propriet\u00e0:<\/strong><\/p>\n<ul>\n<li>Colore: Oliva<\/li>\n<li>Traspirante e rinfrescante grazie al materiale TrekDry\u00ae.<\/li>\n<li>Rinforzi su pollice e indice<\/li>\n<li>Palmo in pelle sintetica resistente per una presa ottimale<\/li>\n<li>Compatibile con il touchscreen<\/li>\n<li>Chiusura in velcro sul polso per la regolazione della larghezza<\/li>\n<li>Pratico passante a strappo<\/li>\n<li>Certificato secondo la norma EN ISO 21420:2020 e EN 388:2016+A1:2018 (3121X)<\/li>\n<li>Ideale per i militari, la polizia, i meccanici, gli sport di tiro e l'uso all'aperto<\/li>\n<\/ul>\n<p><strong>Materiale:<\/strong><\/p>\n<ul>\n<li>Dorso della mano: 94 % nylon, 6 % elastan<\/li>\n<li>Palmo: pelle sintetica (60 % nylon, 38 % poliuretano, 2 % carbonio, nero)<\/li>\n<\/ul>","protected":false},"excerpt":{"rendered":"<p>Die Mechanix Wear \u201eOriginal\u201c Handschuhe in Oliv sind der Klassiker f\u00fcr h\u00f6chste Anspr\u00fcche \u2013 ob im taktischen Einsatz, bei der<\/p>","protected":false},"featured_media":30216,"comment_status":"open","ping_status":"closed","template":"","meta":[],"product_brand":[167],"product_cat":[93],"product_tag":[],"class_list":{"0":"post-30209","1":"product","2":"type-product","3":"status-publish","4":"has-post-thumbnail","6":"product_brand-mechanix","7":"product_cat-all-round-handschuhe","9":"first","10":"instock","11":"taxable","12":"shipping-taxable","13":"purchasable","14":"product-type-variable"},"_links":{"self":[{"href":"https:\/\/defendgear.ch\/it\/wp-json\/wp\/v2\/product\/30209","targetHints":{"allow":["GET"]}}],"collection":[{"href":"https:\/\/defendgear.ch\/it\/wp-json\/wp\/v2\/product"}],"about":[{"href":"https:\/\/defendgear.ch\/it\/wp-json\/wp\/v2\/types\/product"}],"replies":[{"embeddable":true,"href":"https:\/\/defendgear.ch\/it\/wp-json\/wp\/v2\/comments?post=30209"}],"version-history":[{"count":1,"href":"https:\/\/defendgear.ch\/it\/wp-json\/wp\/v2\/product\/30209\/revisions"}],"predecessor-version":[{"id":30217,"href":"https:\/\/defendgear.ch\/it\/wp-json\/wp\/v2\/product\/30209\/revisions\/30217"}],"wp:featuredmedia":[{"embeddable":true,"href":"https:\/\/defendgear.ch\/it\/wp-json\/wp\/v2\/media\/30216"}],"wp:attachment":[{"href":"https:\/\/defendgear.ch\/it\/wp-json\/wp\/v2\/media?parent=30209"}],"wp:term":[{"taxonomy":"product_brand","embeddable":true,"href":"https:\/\/defendgear.ch\/it\/wp-json\/wp\/v2\/product_brand?post=30209"},{"taxonomy":"product_cat","embeddable":true,"href":"https:\/\/defendgear.ch\/it\/wp-json\/wp\/v2\/product_cat?post=30209"},{"taxonomy":"product_tag","embeddable":true,"href":"https:\/\/defendgear.ch\/it\/wp-json\/wp\/v2\/product_tag?post=30209"}],"curies":[{"name":"wp","href":"https:\/\/api.w.org\/{rel}","templated":true}]}}