{"id":31005,"date":"2026-02-06T19:21:17","date_gmt":"2026-02-06T18:21:17","guid":{"rendered":"https:\/\/defendgear.ch\/?post_type=product&#038;p=31005"},"modified":"2026-02-09T22:08:00","modified_gmt":"2026-02-09T21:08:00","slug":"handschuhhalter-klettverschluss-universell-fuer-guertel-koppel","status":"publish","type":"product","link":"https:\/\/defendgear.ch\/it\/handschuhhalter-klettverschluss-universell-fuer-guertel-koppel\/","title":{"rendered":"Portaguanti - Chiusura in velcro, universale per cinture e cinturoni"},"content":{"rendered":"<p style=\"font-weight: 400\">Der Handschuhhalter mit Klettverschluss ist eine einfache, robuste und praxisnahe L\u00f6sung zur sicheren Befestigung von Einsatz- oder Arbeitshandschuhen an G\u00fcrtel oder Koppel.<\/p>\n<p style=\"font-weight: 400\">Er sorgt f\u00fcr schnellen Zugriff, festen Halt und entlastet Taschen sowie Weste \u2013 ideal f\u00fcr den professionellen Einsatz im Dienst oder Training.<\/p>\n<p style=\"font-weight: 400\">\n<p style=\"font-weight: 400\">Besonders geeignet f\u00fcr Beh\u00f6rden, Polizei, Sicherheitsdienste, Milit\u00e4r, Rettungsdienste und professionelle Anwender.<\/p>\n<h3>Caratteristiche e vantaggi<\/h3>\n<ul>\n<li>Universelle Befestigung an Koppeln und G\u00fcrteln<\/li>\n<li>Sicherer Halt durch starken Klettverschluss<\/li>\n<li>Schneller Zugriff auf Handschuhe im Einsatz<\/li>\n<li>Leicht &amp; kompakt \u2013 tr\u00e4gt nicht auf<\/li>\n<li>Robustes Nylonmaterial \u2013 langlebig und widerstandsf\u00e4hig<\/li>\n<li>Einfache Handhabung \u2013 Handschuhe mit einem Handgriff fixiert oder gel\u00f6st<\/li>\n<\/ul>\n<h3>Note<\/h3>\n<ul>\n<li>Lieferung ohne Handschuhe und ohne Koppel<\/li>\n<li>Nur f\u00fcr den vorgesehenen Einsatzzweck verwenden<\/li>\n<\/ul>\n<h3>Specifiche tecniche<\/h3>\n<ul>\n<li>Material: 100 % Nylon<\/li>\n<li>Befestigung: Klettverschluss<\/li>\n<li>Kompatibilit\u00e4t: G\u00fcrtel &amp; Koppeln<\/li>\n<\/ul>\n<h3>Aree di applicazione<\/h3>\n<ul>\n<li>Polizei &amp; Sicherheitsdienste<\/li>\n<li>Milit\u00e4r &amp; taktisches Training<\/li>\n<li>Rettungsdienst &amp; Feuerwehr<\/li>\n<li>Schiesssport &amp; Outdoor<\/li>\n<\/ul>","protected":false},"excerpt":{"rendered":"<p>Der Handschuhhalter mit Klettverschluss ist eine einfache, robuste und praxisnahe L\u00f6sung zur sicheren Befestigung von Einsatz- oder Arbeitshandschuhen an G\u00fcrtel<\/p>","protected":false},"featured_media":31006,"comment_status":"open","ping_status":"closed","template":"","meta":[],"product_brand":[108],"product_cat":[24,93,80,92,78,94,95],"product_tag":[],"class_list":{"0":"post-31005","1":"product","2":"type-product","3":"status-publish","4":"has-post-thumbnail","6":"product_brand-mfh","7":"product_cat-ausruestung","8":"product_cat-all-round-handschuhe","9":"product_cat-bekleidung","10":"product_cat-handschuhe","11":"product_cat-holster","12":"product_cat-schlagschutz-handschuhe","13":"product_cat-schnitt-stichschutz-handschuhe","15":"first","16":"instock","17":"taxable","18":"shipping-taxable","19":"purchasable","20":"product-type-simple"},"_links":{"self":[{"href":"https:\/\/defendgear.ch\/it\/wp-json\/wp\/v2\/product\/31005","targetHints":{"allow":["GET"]}}],"collection":[{"href":"https:\/\/defendgear.ch\/it\/wp-json\/wp\/v2\/product"}],"about":[{"href":"https:\/\/defendgear.ch\/it\/wp-json\/wp\/v2\/types\/product"}],"replies":[{"embeddable":true,"href":"https:\/\/defendgear.ch\/it\/wp-json\/wp\/v2\/comments?post=31005"}],"version-history":[{"count":1,"href":"https:\/\/defendgear.ch\/it\/wp-json\/wp\/v2\/product\/31005\/revisions"}],"predecessor-version":[{"id":31009,"href":"https:\/\/defendgear.ch\/it\/wp-json\/wp\/v2\/product\/31005\/revisions\/31009"}],"wp:featuredmedia":[{"embeddable":true,"href":"https:\/\/defendgear.ch\/it\/wp-json\/wp\/v2\/media\/31006"}],"wp:attachment":[{"href":"https:\/\/defendgear.ch\/it\/wp-json\/wp\/v2\/media?parent=31005"}],"wp:term":[{"taxonomy":"product_brand","embeddable":true,"href":"https:\/\/defendgear.ch\/it\/wp-json\/wp\/v2\/product_brand?post=31005"},{"taxonomy":"product_cat","embeddable":true,"href":"https:\/\/defendgear.ch\/it\/wp-json\/wp\/v2\/product_cat?post=31005"},{"taxonomy":"product_tag","embeddable":true,"href":"https:\/\/defendgear.ch\/it\/wp-json\/wp\/v2\/product_tag?post=31005"}],"curies":[{"name":"wp","href":"https:\/\/api.w.org\/{rel}","templated":true}]}}