{"id":31102,"date":"2026-02-08T12:26:23","date_gmt":"2026-02-08T11:26:23","guid":{"rendered":"https:\/\/defendgear.ch\/?post_type=product&#038;p=31102"},"modified":"2026-02-08T12:26:23","modified_gmt":"2026-02-08T11:26:23","slug":"taktisches-first-aid-medic-pouch-mit-schultergurt-leer-modular","status":"publish","type":"product","link":"https:\/\/defendgear.ch\/it\/taktisches-first-aid-medic-pouch-mit-schultergurt-leer-modular\/","title":{"rendered":"Marsupio tattico di pronto soccorso\/medico con tracolla - vuoto e modulare"},"content":{"rendered":"<p style=\"font-weight: 400\">Dieses taktische First Aid \/ Medic Pouch ist als leere Tasche zur individuellen Best\u00fcckung konzipiert und eignet sich optimal f\u00fcr den professionellen Einsatz. Durch die abnehmbare MOLLE-Tr\u00e4gerplatte, den verstellbaren Schultergurtsowie die durchdachte Innenaufteilung ist das Pouch flexibel einsetzbar \u2013 station\u00e4r an der Ausr\u00fcstung oder separat tragbar.<\/p>\n<p style=\"font-weight: 400\">\n<p style=\"font-weight: 400\">\u26a0\ufe0f Hinweis: Lieferung ohne Inhalt.<\/p>\n<h3>Punti salienti<\/h3>\n<ul>\n<li>Piastra di trasporto MOLLE rimovibile con velcro<\/li>\n<li>2 anelli a D e 2 passanti di fissaggio MOLLE con bottone a pressione sul retro<\/li>\n<li>Abnehmbarer und verstellbarer Schultergurt f\u00fcr mobiles Tragen<\/li>\n<li>Passanti di fissaggio MOLLE sulla parte anteriore per l'espansione con equipaggiamento aggiuntivo<\/li>\n<li>Cinghia di sicurezza regolabile con chiusura a scatto<\/li>\n<li>Maniglia di trasporto con marcatura in velcro rosso rimovibile per una rapida identificazione<\/li>\n<li>Toppa in velcro con distintivo in velcro \u201eFirst Aid\u201c.<\/li>\n<li>Ampio scomparto principale con zip a 2 vie<\/li>\n<li>Diverse tasche a fessura e passanti elastici all'interno per un'organizzazione strutturata<\/li>\n<\/ul>\n<h3>Dati tecnici<\/h3>\n<ul>\n<li>Materiale: 100 poliestere %<\/li>\n<li>Dimensioni: 21 \u00d7 22 \u00d7 12 cm (L \u00d7 H \u00d7 P)<\/li>\n<li>Tragesystem: MOLLE-Tr\u00e4gerplatte, Schultergurt, Tragegriff<\/li>\n<li>Sistema: MOLLE \/ Velcro<\/li>\n<li>Contenuto della fornitura: astuccio senza contenuto<\/li>\n<\/ul>\n<h3>Campo di applicazione<\/h3>\n<p style=\"font-weight: 400\">\n<p style=\"font-weight: 400\">Dieses leere Medic- \/ First-Aid-Pouch eignet sich ideal f\u00fcr:<\/p>\n<ul>\n<li>Medici tattici<\/li>\n<li>Servizi militari, di polizia e di sicurezza<\/li>\n<li>Pronto soccorso mobile<\/li>\n<li>Zaini mission &amp; outdoor<\/li>\n<li>Individuell konfigurierte Erste-Hilfe-Systeme<\/li>\n<\/ul>\n<p style=\"font-weight: 400\">\n<p style=\"font-weight: 400\">Dank der mehreren Trageoptionen und der \u00fcbersichtlichen Innenstruktur ist das Pouch besonders geeignet f\u00fcr Situationen, in denen Flexibilit\u00e4t, Ordnung und schneller Zugriff entscheidend sind.<\/p>\n<p style=\"font-weight: 400\">","protected":false},"excerpt":{"rendered":"<p>Dieses taktische First Aid \/ Medic Pouch ist als leere Tasche zur individuellen Best\u00fcckung konzipiert und eignet sich optimal f\u00fcr<\/p>","protected":false},"featured_media":31103,"comment_status":"open","ping_status":"closed","template":"","meta":[],"product_brand":[108],"product_cat":[24,77],"product_tag":[],"class_list":{"0":"post-31102","1":"product","2":"type-product","3":"status-publish","4":"has-post-thumbnail","6":"product_brand-mfh","7":"product_cat-ausruestung","8":"product_cat-medic","10":"first","11":"instock","12":"taxable","13":"shipping-taxable","14":"purchasable","15":"product-type-simple"},"_links":{"self":[{"href":"https:\/\/defendgear.ch\/it\/wp-json\/wp\/v2\/product\/31102","targetHints":{"allow":["GET"]}}],"collection":[{"href":"https:\/\/defendgear.ch\/it\/wp-json\/wp\/v2\/product"}],"about":[{"href":"https:\/\/defendgear.ch\/it\/wp-json\/wp\/v2\/types\/product"}],"replies":[{"embeddable":true,"href":"https:\/\/defendgear.ch\/it\/wp-json\/wp\/v2\/comments?post=31102"}],"version-history":[{"count":1,"href":"https:\/\/defendgear.ch\/it\/wp-json\/wp\/v2\/product\/31102\/revisions"}],"predecessor-version":[{"id":31107,"href":"https:\/\/defendgear.ch\/it\/wp-json\/wp\/v2\/product\/31102\/revisions\/31107"}],"wp:featuredmedia":[{"embeddable":true,"href":"https:\/\/defendgear.ch\/it\/wp-json\/wp\/v2\/media\/31103"}],"wp:attachment":[{"href":"https:\/\/defendgear.ch\/it\/wp-json\/wp\/v2\/media?parent=31102"}],"wp:term":[{"taxonomy":"product_brand","embeddable":true,"href":"https:\/\/defendgear.ch\/it\/wp-json\/wp\/v2\/product_brand?post=31102"},{"taxonomy":"product_cat","embeddable":true,"href":"https:\/\/defendgear.ch\/it\/wp-json\/wp\/v2\/product_cat?post=31102"},{"taxonomy":"product_tag","embeddable":true,"href":"https:\/\/defendgear.ch\/it\/wp-json\/wp\/v2\/product_tag?post=31102"}],"curies":[{"name":"wp","href":"https:\/\/api.w.org\/{rel}","templated":true}]}}