{"id":31129,"date":"2026-02-09T19:41:00","date_gmt":"2026-02-09T18:41:00","guid":{"rendered":"https:\/\/defendgear.ch\/?post_type=product&#038;p=31129"},"modified":"2026-02-09T19:41:00","modified_gmt":"2026-02-09T18:41:00","slug":"taktischer-rucksack-30-l-mit-molle-system-trinksystemvorbereitung-3","status":"publish","type":"product","link":"https:\/\/defendgear.ch\/it\/taktischer-rucksack-30-l-mit-molle-system-trinksystemvorbereitung-3\/","title":{"rendered":"Zaino tattico 30 L con sistema MOLLE e preparazione del sistema di idratazione"},"content":{"rendered":"<p style=\"font-weight: 400\">Dieser taktische Rucksack mit ca. 30 Litern Fassungsverm\u00f6gen \u00fcberzeugt durch eine funktionale Aufteilung, hohen Tragekomfort und modulare Erweiterbarkeit. Die verstellbaren, gepolsterten Schultergurte mit Metall-D-Ringen sowie der abnehmbare, verstellbare Beckengurt sorgen f\u00fcr einen stabilen Sitz \u2013 auch bei l\u00e4ngerer Nutzung oder h\u00f6herem Gewicht.<\/p>\n<p style=\"font-weight: 400\">\n<p style=\"font-weight: 400\">Der gepolsterte R\u00fcckenbereich verf\u00fcgt \u00fcber ein gro\u00dfes Einschubfach mit Klettverschluss zur Aufnahme eines Trinksystems. Atmungsaktive Mesh-Polsterungen verbessern die Bel\u00fcftung und erh\u00f6hen den Tragekomfort. Mehrere Haupt- und Frontf\u00e4cher erm\u00f6glichen eine \u00fcbersichtliche Organisation der Ausr\u00fcstung. MOLLE-Aufnahmeschlaufen an Front und Seiten erlauben die flexible Erweiterung mit zus\u00e4tzlichem Equipment.<\/p>\n<h3>Punti salienti<\/h3>\n<ul>\n<li>30 l Volumen \u2013 ideal f\u00fcr Einsatz, Training &amp; Outdoor<\/li>\n<li>Spallacci imbottiti e regolabili con anelli a D in metallo<\/li>\n<li>Cintura addominale staccabile e regolabile<\/li>\n<li>Schienale imbottito con scomparto per il sistema di idratazione (chiusura a velcro)<\/li>\n<li>Imbottitura in rete traspirante<\/li>\n<li>Scomparti multipli principali e frontali per un'organizzazione strutturata<\/li>\n<li>Ampia tasca frontale con scomparto a scorrimento e 4 portapenne<\/li>\n<li>Sistema MOLLE anteriore e laterale<\/li>\n<li>2 cinghie di compressione laterali e inferiori<\/li>\n<li>Maniglia di trasporto sulla parte superiore<\/li>\n<\/ul>\n<h3>Compartimentazione<\/h3>\n<ul>\n<li>Ampio scomparto principale:\n<ul>\n<li>Zip a 2 vie<\/li>\n<li>1 tasca piccola con zip<\/li>\n<li>1 grande tasca in rete<\/li>\n<\/ul>\n<\/li>\n<li>Scomparto principale piccolo:\n<ul>\n<li>1 tasca a scorrimento<\/li>\n<li>2 scomparti in rete applicati<\/li>\n<\/ul>\n<\/li>\n<li>Area anteriore:\n<ul>\n<li>1 kleine Fronttasche mit 2-Wege-Rei\u00dfverschluss<\/li>\n<li>1 gro\u00dfe Fronttasche mit 2-Wege-Rei\u00dfverschluss, Einschubfach &amp; 4 Stifthaltern<\/li>\n<\/ul>\n<\/li>\n<\/ul>\n<h3>Dati tecnici<\/h3>\n<ul>\n<li>Capacit\u00e0: 30 litri<\/li>\n<li>Dimensioni: 23 \u00d7 44 \u00d7 24 cm (L \u00d7 H \u00d7 P)<\/li>\n<li>Gewicht:1,2 kg<\/li>\n<li>Materiale: 100 poliestere %<\/li>\n<\/ul>\n<h3>Campo di applicazione<\/h3>\n<p style=\"font-weight: 400\">\n<p style=\"font-weight: 400\">Ideal geeignet f\u00fcr:<\/p>\n<ul>\n<li>Attrezzatura tattica<\/li>\n<li>Campo di addestramento e di tiro<\/li>\n<li>Outdoor &amp; Bushcraft<\/li>\n<li>Servizio, vita quotidiana &amp; EDC-Plus<\/li>\n<\/ul>\n<p style=\"font-weight: 400\">\n<p style=\"font-weight: 400\">Uno zaino robusto e resistente che combina in modo affidabile comfort di trasporto, spazio di archiviazione e modularit\u00e0.<\/p>","protected":false},"excerpt":{"rendered":"<p>Dieser taktische Rucksack mit ca. 30 Litern Fassungsverm\u00f6gen \u00fcberzeugt durch eine funktionale Aufteilung, hohen Tragekomfort und modulare Erweiterbarkeit. Die verstellbaren,<\/p>","protected":false},"featured_media":31130,"comment_status":"open","ping_status":"closed","template":"","meta":[],"product_brand":[108],"product_cat":[97,98],"product_tag":[],"class_list":{"0":"post-31129","1":"product","2":"type-product","3":"status-publish","4":"has-post-thumbnail","6":"product_brand-mfh","7":"product_cat-taschen-rucksaecke","8":"product_cat-rucksaecke","10":"first","11":"instock","12":"taxable","13":"shipping-taxable","14":"purchasable","15":"product-type-simple"},"_links":{"self":[{"href":"https:\/\/defendgear.ch\/it\/wp-json\/wp\/v2\/product\/31129","targetHints":{"allow":["GET"]}}],"collection":[{"href":"https:\/\/defendgear.ch\/it\/wp-json\/wp\/v2\/product"}],"about":[{"href":"https:\/\/defendgear.ch\/it\/wp-json\/wp\/v2\/types\/product"}],"replies":[{"embeddable":true,"href":"https:\/\/defendgear.ch\/it\/wp-json\/wp\/v2\/comments?post=31129"}],"version-history":[{"count":1,"href":"https:\/\/defendgear.ch\/it\/wp-json\/wp\/v2\/product\/31129\/revisions"}],"predecessor-version":[{"id":31132,"href":"https:\/\/defendgear.ch\/it\/wp-json\/wp\/v2\/product\/31129\/revisions\/31132"}],"wp:featuredmedia":[{"embeddable":true,"href":"https:\/\/defendgear.ch\/it\/wp-json\/wp\/v2\/media\/31130"}],"wp:attachment":[{"href":"https:\/\/defendgear.ch\/it\/wp-json\/wp\/v2\/media?parent=31129"}],"wp:term":[{"taxonomy":"product_brand","embeddable":true,"href":"https:\/\/defendgear.ch\/it\/wp-json\/wp\/v2\/product_brand?post=31129"},{"taxonomy":"product_cat","embeddable":true,"href":"https:\/\/defendgear.ch\/it\/wp-json\/wp\/v2\/product_cat?post=31129"},{"taxonomy":"product_tag","embeddable":true,"href":"https:\/\/defendgear.ch\/it\/wp-json\/wp\/v2\/product_tag?post=31129"}],"curies":[{"name":"wp","href":"https:\/\/api.w.org\/{rel}","templated":true}]}}