{"id":31158,"date":"2026-02-12T10:39:49","date_gmt":"2026-02-12T09:39:49","guid":{"rendered":"https:\/\/defendgear.ch\/?post_type=product&#038;p=31158"},"modified":"2026-03-30T11:40:36","modified_gmt":"2026-03-30T09:40:36","slug":"zaino-tattico-30-l-con-sistema-molleggiato-sistema-di-idratazione-scomparto-2","status":"publish","type":"product","link":"https:\/\/defendgear.ch\/it\/zaino-tattico-30-l-con-sistema-molleggiato-sistema-di-idratazione-scomparto-2\/","title":{"rendered":"Zaino tattico 30 L con sistema MOLLE e scomparto per sistema di idratazione"},"content":{"rendered":"<p style=\"font-weight: 400\">Questo zaino tattico con una capacit\u00e0 di circa 30 litri offre una combinazione equilibrata di comfort di trasporto, organizzazione e modularit\u00e0. Gli spallacci regolabili e imbottiti con anelli a D in metallo e la cintura in vita regolabile e staccabile garantiscono una vestibilit\u00e0 stabile anche durante le missioni pi\u00f9 lunghe o quando si trasporta un carico pi\u00f9 pesante.<\/p>\n<p style=\"font-weight: 400\">\n<p style=\"font-weight: 400\">L'area posteriore imbottita \u00e8 dotata di un ampio scomparto con chiusura a velcro per ospitare un sistema di idratazione. L'imbottitura in rete traspirante favorisce la ventilazione e aumenta il comfort di trasporto. La disposizione ben studiata degli scomparti consente un'organizzazione strutturata dell'equipaggiamento. I passanti di fissaggio MOLLE sulla parte anteriore e sui lati consentono un'espansione modulare con attrezzature aggiuntive.<\/p>\n<h3>Punti salienti<\/h3>\n<ul>\n<li>Volume di 30 l - versatile per l'uso, l'allenamento e l'outdoor<\/li>\n<li>Spallacci imbottiti e regolabili con anelli a D in metallo<\/li>\n<li>Cintura addominale staccabile e regolabile<\/li>\n<li>Schienale imbottito con scomparto per il sistema di idratazione (chiusura a velcro)<\/li>\n<li>Imbottitura in rete traspirante<\/li>\n<li>Scomparti multipli principali e frontali per un'organizzazione strutturata<\/li>\n<li>Ampia tasca frontale con scomparto a scorrimento e 4 portapenne<\/li>\n<li>Sistema MOLLE anteriore e laterale<\/li>\n<li>2 cinghie di compressione laterali e inferiori<\/li>\n<li>Maniglia di trasporto sulla parte superiore<\/li>\n<\/ul>\n<h3>Compartimentazione<\/h3>\n<ul>\n<li>Ampio scomparto principale:\n<ul>\n<li>Zip a 2 vie<\/li>\n<li>1 tasca piccola con zip<\/li>\n<li>1 grande tasca in rete<\/li>\n<\/ul>\n<\/li>\n<li>Scomparto principale piccolo:\n<ul>\n<li>1 tasca a scorrimento<\/li>\n<li>2 scomparti in rete applicati<\/li>\n<\/ul>\n<\/li>\n<li>Area anteriore:\n<ul>\n<li>1 piccola tasca frontale con zip a 2 vie<\/li>\n<li>1 grande tasca frontale con zip a 2 vie, scomparto a scorrimento e 4 portapenne<\/li>\n<\/ul>\n<\/li>\n<\/ul>\n<h3>Dati tecnici<\/h3>\n<ul>\n<li>Capacit\u00e0: 30 litri<\/li>\n<li>Dimensioni: 23 \u00d7 44 \u00d7 24 cm (L \u00d7 H \u00d7 P)<\/li>\n<li>Peso: 1,2 kg<\/li>\n<li>Materiale: 100 poliestere %<\/li>\n<\/ul>\n<h3>Campo di applicazione<\/h3>\n<p style=\"font-weight: 400\">\n<p style=\"font-weight: 400\">Adatto per:<\/p>\n<ul>\n<li>Attrezzatura tattica<\/li>\n<li>Campo di addestramento e di tiro<\/li>\n<li>Outdoor &amp; Bushcraft<\/li>\n<li>Servizio, vita quotidiana &amp; EDC-Plus<\/li>\n<\/ul>\n<p style=\"font-weight: 400\">\n<p style=\"font-weight: 400\">Uno zaino robusto e resistente che combina in modo affidabile comfort di trasporto, spazio di archiviazione e modularit\u00e0.<\/p>\n<p style=\"font-weight: 400\">","protected":false},"excerpt":{"rendered":"<p>Dieser taktische Rucksack mit ca. 30 Litern Fassungsverm\u00f6gen bietet eine ausgewogene Kombination aus Tragekomfort, Organisation und Modularit\u00e4t. Die verstellbaren, gepolsterten<\/p>","protected":false},"featured_media":31159,"comment_status":"open","ping_status":"closed","template":"","meta":[],"product_brand":[108],"product_cat":[97,98],"product_tag":[],"class_list":{"0":"post-31158","1":"product","2":"type-product","3":"status-publish","4":"has-post-thumbnail","6":"product_brand-mfh","7":"product_cat-taschen-rucksaecke","8":"product_cat-rucksaecke","10":"first","11":"outofstock","12":"taxable","13":"shipping-taxable","14":"purchasable","15":"product-type-simple"},"_links":{"self":[{"href":"https:\/\/defendgear.ch\/it\/wp-json\/wp\/v2\/product\/31158","targetHints":{"allow":["GET"]}}],"collection":[{"href":"https:\/\/defendgear.ch\/it\/wp-json\/wp\/v2\/product"}],"about":[{"href":"https:\/\/defendgear.ch\/it\/wp-json\/wp\/v2\/types\/product"}],"replies":[{"embeddable":true,"href":"https:\/\/defendgear.ch\/it\/wp-json\/wp\/v2\/comments?post=31158"}],"version-history":[{"count":1,"href":"https:\/\/defendgear.ch\/it\/wp-json\/wp\/v2\/product\/31158\/revisions"}],"predecessor-version":[{"id":31161,"href":"https:\/\/defendgear.ch\/it\/wp-json\/wp\/v2\/product\/31158\/revisions\/31161"}],"wp:featuredmedia":[{"embeddable":true,"href":"https:\/\/defendgear.ch\/it\/wp-json\/wp\/v2\/media\/31159"}],"wp:attachment":[{"href":"https:\/\/defendgear.ch\/it\/wp-json\/wp\/v2\/media?parent=31158"}],"wp:term":[{"taxonomy":"product_brand","embeddable":true,"href":"https:\/\/defendgear.ch\/it\/wp-json\/wp\/v2\/product_brand?post=31158"},{"taxonomy":"product_cat","embeddable":true,"href":"https:\/\/defendgear.ch\/it\/wp-json\/wp\/v2\/product_cat?post=31158"},{"taxonomy":"product_tag","embeddable":true,"href":"https:\/\/defendgear.ch\/it\/wp-json\/wp\/v2\/product_tag?post=31158"}],"curies":[{"name":"wp","href":"https:\/\/api.w.org\/{rel}","templated":true}]}}