{"id":31250,"date":"2026-02-14T17:33:12","date_gmt":"2026-02-14T16:33:12","guid":{"rendered":"https:\/\/defendgear.ch\/?post_type=product&#038;p=31250"},"modified":"2026-02-14T17:33:12","modified_gmt":"2026-02-14T16:33:12","slug":"kit-di-pronto-soccorso-mil-tec-pro-43-leina-olive-kit-di-pronto-soccorso-tattico-completo","status":"publish","type":"product","link":"https:\/\/defendgear.ch\/it\/kit-di-pronto-soccorso-mil-tec-pro-43-leina-olive-kit-di-pronto-soccorso-tattico-completo\/","title":{"rendered":"MIL-TEC\u00ae First Aid Kit Set PRO 43 \u201eLeina\u201c Olive - kit tattico completo di pronto soccorso"},"content":{"rendered":"<p style=\"font-weight: 400\">Il MIL-TEC\u00ae Leina First Aid Kit PRO 43 pezzi in oliva \u00e8 un kit di primo soccorso completamente attrezzato per uso professionale. \u00c8 stato sviluppato per le situazioni in cui un primo soccorso rapido, strutturato e affidabile \u00e8 fondamentale: ideale per polizia, militari, servizi di sicurezza, operazioni all'aperto o veicoli.<\/p>\n<p style=\"font-weight: 400\">\n<p style=\"font-weight: 400\">Il set \u00e8 contenuto in una robusta custodia in nylon compatibile con il sistema MOLLE e pu\u00f2 essere agganciato in modo flessibile a una cintura, a uno zaino o a un equipaggiamento tattico.<\/p>\n<h3>Punti salienti<\/h3>\n<ul>\n<li>Kit di pronto soccorso da 43 pezzi per un'assistenza di emergenza prolungata<\/li>\n<li>Marsupio da cintura compatibile con il sistema MOLLE, realizzato in nylon resistente.<\/li>\n<li>Compatto, chiaro e pronto all'uso<\/li>\n<li>Ideale per le operazioni tattiche, all'aperto, per i veicoli di servizio o in viaggio<\/li>\n<li>Colore oliva (OD Green) - ideale per ambienti tattici<\/li>\n<\/ul>\n<h3>Contenuto della fornitura (43 pezzi)<\/h3>\n<ul>\n<li>Vari bendaggi di emergenza e di fissaggio<\/li>\n<li>Bendaggi compressivi<\/li>\n<li>Impacchi di garza sterile di diverse dimensioni<\/li>\n<li>Sciarpe triangolari<\/li>\n<li>Coperta di salvataggio<\/li>\n<li>Forbici per bendaggi<\/li>\n<li>4 paia di guanti in vinile monouso<\/li>\n<li>Cerotti adesivi e nastri di fissaggio<\/li>\n<li>Panni per la pulizia<\/li>\n<li>Istruzioni di primo soccorso \/ manuale di emergenza<\/li>\n<\/ul>\n<h3>Dati tecnici<\/h3>\n<ul>\n<li>Dimensioni del set: 43 pezzi<\/li>\n<li>Materiale della borsa: nylon<\/li>\n<li>Colore: oliva (verde OD)<\/li>\n<li>Attacco: Marsupio da cintura compatibile MOLLE<\/li>\n<li>Uso: primo soccorso, uso tattico, esterno, veicolo<\/li>\n<\/ul>\n<h3>Campo di applicazione<\/h3>\n<p style=\"font-weight: 400\">\n<p style=\"font-weight: 400\">Il kit di pronto soccorso MIL-TEC\u00ae PRO 43 \u201eLeina\u201c Olive \u00e8 ideale per gli utenti che hanno bisogno di qualcosa di pi\u00f9 dell'equipaggiamento di base. Sia in operazioni tattiche, che in viaggio, sul campo o in un veicolo, questo kit offre forniture di emergenza strutturate e complete in una forma compatta.<\/p>\n<p style=\"font-weight: 400\">\n<p style=\"font-weight: 400\">Una parte indispensabile dell'attrezzatura professionale quando l'affidabilit\u00e0 e la preparazione sono fondamentali.<\/p>\n<p style=\"font-weight: 400\">","protected":false},"excerpt":{"rendered":"<p>Das MIL-TEC\u00ae Leina First Aid Kit PRO 43-teilig in Oliv ist ein umfassend ausgestattetes Erste-Hilfe-Set f\u00fcr den professionellen Einsatz. Es<\/p>","protected":false},"featured_media":31251,"comment_status":"open","ping_status":"closed","template":"","meta":[],"product_brand":[125],"product_cat":[24,77],"product_tag":[],"class_list":{"0":"post-31250","1":"product","2":"type-product","3":"status-publish","4":"has-post-thumbnail","6":"product_brand-mil-tec","7":"product_cat-ausruestung","8":"product_cat-medic","10":"first","11":"instock","12":"taxable","13":"shipping-taxable","14":"purchasable","15":"product-type-simple"},"_links":{"self":[{"href":"https:\/\/defendgear.ch\/it\/wp-json\/wp\/v2\/product\/31250","targetHints":{"allow":["GET"]}}],"collection":[{"href":"https:\/\/defendgear.ch\/it\/wp-json\/wp\/v2\/product"}],"about":[{"href":"https:\/\/defendgear.ch\/it\/wp-json\/wp\/v2\/types\/product"}],"replies":[{"embeddable":true,"href":"https:\/\/defendgear.ch\/it\/wp-json\/wp\/v2\/comments?post=31250"}],"version-history":[{"count":1,"href":"https:\/\/defendgear.ch\/it\/wp-json\/wp\/v2\/product\/31250\/revisions"}],"predecessor-version":[{"id":31253,"href":"https:\/\/defendgear.ch\/it\/wp-json\/wp\/v2\/product\/31250\/revisions\/31253"}],"wp:featuredmedia":[{"embeddable":true,"href":"https:\/\/defendgear.ch\/it\/wp-json\/wp\/v2\/media\/31251"}],"wp:attachment":[{"href":"https:\/\/defendgear.ch\/it\/wp-json\/wp\/v2\/media?parent=31250"}],"wp:term":[{"taxonomy":"product_brand","embeddable":true,"href":"https:\/\/defendgear.ch\/it\/wp-json\/wp\/v2\/product_brand?post=31250"},{"taxonomy":"product_cat","embeddable":true,"href":"https:\/\/defendgear.ch\/it\/wp-json\/wp\/v2\/product_cat?post=31250"},{"taxonomy":"product_tag","embeddable":true,"href":"https:\/\/defendgear.ch\/it\/wp-json\/wp\/v2\/product_tag?post=31250"}],"curies":[{"name":"wp","href":"https:\/\/api.w.org\/{rel}","templated":true}]}}